{"id":248,"date":"2023-01-10T03:07:56","date_gmt":"2023-01-10T03:07:56","guid":{"rendered":"https:\/\/nanopowerdigital.com\/?page_id=248"},"modified":"2023-01-10T03:08:58","modified_gmt":"2023-01-10T03:08:58","slug":"politica-de-cancelaciones-y-reembolso","status":"publish","type":"page","link":"https:\/\/nanopowerdigital.com\/en\/politica-de-cancelaciones-y-reembolso\/","title":{"rendered":"CANCELLATION AND REFUND POLICY"},"content":{"rendered":"<div data-elementor-type=\"wp-page\" data-elementor-id=\"248\" class=\"elementor elementor-248\" data-elementor-post-type=\"page\">\n\t\t\t\t\t\t<section class=\"elementor-section elementor-top-section elementor-element elementor-element-06c505d elementor-section-boxed elementor-section-height-default elementor-section-height-default\" data-id=\"06c505d\" data-element_type=\"section\" data-e-type=\"section\">\n\t\t\t\t\t\t<div class=\"elementor-container elementor-column-gap-default\">\n\t\t\t\t\t<div class=\"elementor-column elementor-col-100 elementor-top-column elementor-element elementor-element-919c959\" data-id=\"919c959\" data-element_type=\"column\" data-e-type=\"column\">\n\t\t\t<div class=\"elementor-widget-wrap elementor-element-populated\">\n\t\t\t\t\t\t<div class=\"elementor-element elementor-element-13abb40 elementor-widget elementor-widget-spacer\" data-id=\"13abb40\" data-element_type=\"widget\" data-e-type=\"widget\" data-widget_type=\"spacer.default\">\n\t\t\t\t<div class=\"elementor-widget-container\">\n\t\t\t\t\t\t\t<div class=\"elementor-spacer\">\n\t\t\t<div class=\"elementor-spacer-inner\"><\/div>\n\t\t<\/div>\n\t\t\t\t\t\t<\/div>\n\t\t\t\t<\/div>\n\t\t\t\t<div class=\"elementor-element elementor-element-ec86ae6 elementor-widget elementor-widget-heading\" data-id=\"ec86ae6\" data-element_type=\"widget\" data-e-type=\"widget\" data-widget_type=\"heading.default\">\n\t\t\t\t<div class=\"elementor-widget-container\">\n\t\t\t\t\t<h1 class=\"elementor-heading-title elementor-size-default\">CANCELLATION AND REFUND POLICY<\/h1>\t\t\t\t<\/div>\n\t\t\t\t<\/div>\n\t\t\t\t<div class=\"elementor-element elementor-element-c8a166e elementor-widget elementor-widget-spacer\" data-id=\"c8a166e\" data-element_type=\"widget\" data-e-type=\"widget\" data-widget_type=\"spacer.default\">\n\t\t\t\t<div class=\"elementor-widget-container\">\n\t\t\t\t\t\t\t<div class=\"elementor-spacer\">\n\t\t\t<div class=\"elementor-spacer-inner\"><\/div>\n\t\t<\/div>\n\t\t\t\t\t\t<\/div>\n\t\t\t\t<\/div>\n\t\t\t\t<div class=\"elementor-element elementor-element-a685c25 elementor-widget elementor-widget-text-editor\" data-id=\"a685c25\" data-element_type=\"widget\" data-e-type=\"widget\" data-widget_type=\"text-editor.default\">\n\t\t\t\t<div class=\"elementor-widget-container\">\n\t\t\t\t\t\t\t\t\t<p>Last updated: January 6, 2023<\/p><p>It is important that when you make the cancellation you consider all the products or services of the same order that you want to return. In case you request a second return of the same order NANO POWER DIGITAL reserves the right to accept or reject the second request.<\/p><h2>CHANGE POLICY<\/h2><p>NANO POWER DIGITAL does not support service exchanges. If you wish to change a service, you must return your purchase for a refund and place a new order. It is only possible to receive a refund for a cancellation if the cancellation is made according to our cancellation policy. The refund of the purchase will be by deposit of the amount to your bank account.<\/p><h2>INSTRUCTIONS FOR CANCELLATION OF SERVICES<\/h2><p>To cancel a service, follow these instructions:<\/p><p>Contact our customer service team to begin processing your cancellation. They will let you know if your request is authorized according to our cancellation policy.\u00a0<\/p><p>If your request is approved, we will schedule the reimbursement.<\/p><p>Before calling our customer service hotline, please make sure you have the following information at hand:<\/p><p>Order number.<\/p><p>Date of order.<\/p><p>Pick up address.<\/p><p>Telephone number.<\/p><h2>CANCELLATION OF YOUR ORDER<\/h2><p>Since we always try to process orders as quickly as possible, you can only cancel an order by calling our customer service shortly after placing it.<\/p><p>QUESTIONS<\/p><p>If you have any questions about this document, please write to us at <a href=\"mailto:help@soft-a-tomic.com\">info@nanopowerdigital.com<\/a><\/p>\t\t\t\t\t\t\t\t<\/div>\n\t\t\t\t<\/div>\n\t\t\t\t<div class=\"elementor-element elementor-element-541da8e elementor-widget elementor-widget-spacer\" data-id=\"541da8e\" data-element_type=\"widget\" data-e-type=\"widget\" data-widget_type=\"spacer.default\">\n\t\t\t\t<div class=\"elementor-widget-container\">\n\t\t\t\t\t\t\t<div class=\"elementor-spacer\">\n\t\t\t<div class=\"elementor-spacer-inner\"><\/div>\n\t\t<\/div>\n\t\t\t\t\t\t<\/div>\n\t\t\t\t<\/div>\n\t\t\t\t\t<\/div>\n\t\t<\/div>\n\t\t\t\t\t<\/div>\n\t\t<\/section>\n\t\t\t\t<\/div>","protected":false},"excerpt":{"rendered":"<p>POL\u00cdTICA DE CANCELACIONES Y REEMBOLSO \u00daltima actualizaci\u00f3n: Enero 6, 2023 Es importante que cuando realice la cancelaci\u00f3n considere todos los productos o servicios del mismo pedido que quiere devolver. En caso de que solicite una segunda devoluci\u00f3n del mismo pedido NANO POWER DIGITAL se reserva el derecho de aceptar o rechazar la segunda solicitud. POL\u00cdTICA [&hellip;]<\/p>\n","protected":false},"author":3,"featured_media":0,"parent":0,"menu_order":0,"comment_status":"closed","ping_status":"closed","template":"","meta":{"_acf_changed":false,"footnotes":""},"class_list":["post-248","page","type-page","status-publish","hentry"],"acf":[],"_links":{"self":[{"href":"https:\/\/nanopowerdigital.com\/en\/wp-json\/wp\/v2\/pages\/248","targetHints":{"allow":["GET"]}}],"collection":[{"href":"https:\/\/nanopowerdigital.com\/en\/wp-json\/wp\/v2\/pages"}],"about":[{"href":"https:\/\/nanopowerdigital.com\/en\/wp-json\/wp\/v2\/types\/page"}],"author":[{"embeddable":true,"href":"https:\/\/nanopowerdigital.com\/en\/wp-json\/wp\/v2\/users\/3"}],"replies":[{"embeddable":true,"href":"https:\/\/nanopowerdigital.com\/en\/wp-json\/wp\/v2\/comments?post=248"}],"version-history":[{"count":4,"href":"https:\/\/nanopowerdigital.com\/en\/wp-json\/wp\/v2\/pages\/248\/revisions"}],"predecessor-version":[{"id":252,"href":"https:\/\/nanopowerdigital.com\/en\/wp-json\/wp\/v2\/pages\/248\/revisions\/252"}],"wp:attachment":[{"href":"https:\/\/nanopowerdigital.com\/en\/wp-json\/wp\/v2\/media?parent=248"}],"curies":[{"name":"wp","href":"https:\/\/api.w.org\/{rel}","templated":true}]}}