{"id":265,"date":"2023-01-10T03:17:28","date_gmt":"2023-01-10T03:17:28","guid":{"rendered":"https:\/\/nanopowerdigital.com\/?page_id=265"},"modified":"2026-01-26T18:47:00","modified_gmt":"2026-01-26T18:47:00","slug":"programa-de-referidos","status":"publish","type":"page","link":"https:\/\/nanopowerdigital.com\/en\/programa-de-referidos\/","title":{"rendered":"REFERRAL PROGRAM"},"content":{"rendered":"\t\t<div data-elementor-type=\"wp-page\" data-elementor-id=\"265\" class=\"elementor elementor-265\" data-elementor-post-type=\"page\">\n\t\t\t\t\t\t<section class=\"elementor-section elementor-top-section elementor-element elementor-element-4ab81a5 elementor-section-boxed elementor-section-height-default elementor-section-height-default\" data-id=\"4ab81a5\" data-element_type=\"section\" data-e-type=\"section\">\n\t\t\t\t\t\t<div class=\"elementor-container elementor-column-gap-default\">\n\t\t\t\t\t<div class=\"elementor-column elementor-col-100 elementor-top-column elementor-element elementor-element-a0316c9\" data-id=\"a0316c9\" data-element_type=\"column\" data-e-type=\"column\">\n\t\t\t<div class=\"elementor-widget-wrap elementor-element-populated\">\n\t\t\t\t\t\t<div class=\"elementor-element elementor-element-bf61e56 elementor-widget elementor-widget-spacer\" data-id=\"bf61e56\" data-element_type=\"widget\" data-e-type=\"widget\" data-widget_type=\"spacer.default\">\n\t\t\t\t<div class=\"elementor-widget-container\">\n\t\t\t\t\t\t\t<div class=\"elementor-spacer\">\n\t\t\t<div class=\"elementor-spacer-inner\"><\/div>\n\t\t<\/div>\n\t\t\t\t\t\t<\/div>\n\t\t\t\t<\/div>\n\t\t\t\t<div class=\"elementor-element elementor-element-ede2ec9 elementor-widget elementor-widget-heading\" data-id=\"ede2ec9\" data-element_type=\"widget\" data-e-type=\"widget\" data-widget_type=\"heading.default\">\n\t\t\t\t<div class=\"elementor-widget-container\">\n\t\t\t\t\t<h1 class=\"elementor-heading-title elementor-size-default\">PROGRAMA DE REFERIDOS<\/h1>\t\t\t\t<\/div>\n\t\t\t\t<\/div>\n\t\t\t\t<div class=\"elementor-element elementor-element-3082ba7 elementor-widget elementor-widget-heading\" data-id=\"3082ba7\" data-element_type=\"widget\" data-e-type=\"widget\" data-widget_type=\"heading.default\">\n\t\t\t\t<div class=\"elementor-widget-container\">\n\t\t\t\t\t<h2 class=\"elementor-heading-title elementor-size-default\">Socio tecnol\u00f3gico | Soluciones estrat\u00e9gicas<\/h2>\t\t\t\t<\/div>\n\t\t\t\t<\/div>\n\t\t\t\t<div class=\"elementor-element elementor-element-bd3b92d elementor-widget elementor-widget-spacer\" data-id=\"bd3b92d\" data-element_type=\"widget\" data-e-type=\"widget\" data-widget_type=\"spacer.default\">\n\t\t\t\t<div class=\"elementor-widget-container\">\n\t\t\t\t\t\t\t<div class=\"elementor-spacer\">\n\t\t\t<div class=\"elementor-spacer-inner\"><\/div>\n\t\t<\/div>\n\t\t\t\t\t\t<\/div>\n\t\t\t\t<\/div>\n\t\t\t\t<div class=\"elementor-element elementor-element-51ebd4a elementor-widget elementor-widget-text-editor\" data-id=\"51ebd4a\" data-element_type=\"widget\" data-e-type=\"widget\" data-widget_type=\"text-editor.default\">\n\t\t\t\t<div class=\"elementor-widget-container\">\n\t\t\t\t\t\t\t\t\t<p>Nano Power Digital se enorgullece de ofrecer a nuestros clientes un rendimiento de costos superior y un servicio al cliente de calidad.<\/p><p>El mejor respaldo que nuestros clientes, proveedores y socios pueden darnos es una referencia a alguien que podr\u00eda beneficiarse de trabajar con nosotros. Ahora puede ganar dinero simplemente enviando una nueva ventaja comercial y remitiendo el acuerdo a Nano.<\/p><p>Para las referencias que se inscriben en uno de nuestros planes de soporte mensual, pagamos al socio una cantidad igual al 10% de su contrato de soporte mensual durante la vida del cliente. Esto incluye el 10% de los servicios profesionales y el 5% del hardware. Cuantas m\u00e1s compa\u00f1\u00edas nos refiera, m\u00e1s probabilidades tendr\u00e1 de recibir pagos en efectivo continuos. Es simple. Cuando nos pagan, a usted tambi\u00e9n le pagan.<\/p>\t\t\t\t\t\t\t\t<\/div>\n\t\t\t\t<\/div>\n\t\t\t\t<div class=\"elementor-element elementor-element-a546f3d elementor-widget elementor-widget-heading\" data-id=\"a546f3d\" data-element_type=\"widget\" data-e-type=\"widget\" data-widget_type=\"heading.default\">\n\t\t\t\t<div class=\"elementor-widget-container\">\n\t\t\t\t\t<h3 class=\"elementor-heading-title elementor-size-default\">Comience hoy mismo registr\u00e1ndose a continuaci\u00f3n.<\/h3>\t\t\t\t<\/div>\n\t\t\t\t<\/div>\n\t\t\t\t<div class=\"elementor-element elementor-element-26c54b4 elementor-button-align-stretch elementor-widget elementor-widget-form\" data-id=\"26c54b4\" data-element_type=\"widget\" data-e-type=\"widget\" data-settings=\"{&quot;step_next_label&quot;:&quot;Next&quot;,&quot;step_previous_label&quot;:&quot;Previous&quot;,&quot;button_width&quot;:&quot;100&quot;,&quot;step_type&quot;:&quot;number_text&quot;,&quot;step_icon_shape&quot;:&quot;circle&quot;}\" data-widget_type=\"form.default\">\n\t\t\t\t<div class=\"elementor-widget-container\">\n\t\t\t\t\t\t\t<form class=\"elementor-form\" method=\"post\" name=\"New Form\" aria-label=\"New Form\">\n\t\t\t<input type=\"hidden\" name=\"post_id\" value=\"265\"\/>\n\t\t\t<input type=\"hidden\" name=\"form_id\" value=\"26c54b4\"\/>\n\t\t\t<input type=\"hidden\" name=\"referer_title\" value=\"PROGRAMA DE REFERIDOS\" \/>\n\n\t\t\t\t\t\t\t<input type=\"hidden\" name=\"queried_id\" value=\"265\"\/>\n\t\t\t\n\t\t\t<div class=\"elementor-form-fields-wrapper elementor-labels-above\">\n\t\t\t\t\t\t\t\t<div class=\"elementor-field-type-text elementor-field-group elementor-column elementor-field-group-name elementor-col-50\">\n\t\t\t\t\t\t\t\t\t\t\t\t\t<input size=\"1\" type=\"text\" name=\"form_fields[name]\" id=\"form-field-name\" class=\"elementor-field elementor-size-sm  elementor-field-textual\" placeholder=\" Nombre completo\">\n\t\t\t\t\t\t\t\t\t\t\t<\/div>\n\t\t\t\t\t\t\t\t<div class=\"elementor-field-type-text elementor-field-group elementor-column elementor-field-group-field_dd2cb25 elementor-col-50\">\n\t\t\t\t\t\t\t\t\t\t\t\t\t<input size=\"1\" type=\"text\" name=\"form_fields[field_dd2cb25]\" id=\"form-field-field_dd2cb25\" class=\"elementor-field elementor-size-sm  elementor-field-textual\" placeholder=\"Nombre de su empresa\">\n\t\t\t\t\t\t\t\t\t\t\t<\/div>\n\t\t\t\t\t\t\t\t<div class=\"elementor-field-type-email elementor-field-group elementor-column elementor-field-group-field_6688303 elementor-col-50\">\n\t\t\t\t\t\t\t\t\t\t\t\t\t<input size=\"1\" type=\"email\" name=\"form_fields[field_6688303]\" id=\"form-field-field_6688303\" class=\"elementor-field elementor-size-sm  elementor-field-textual\" placeholder=\"Correo electr\u00f3nico\">\n\t\t\t\t\t\t\t\t\t\t\t<\/div>\n\t\t\t\t\t\t\t\t<div class=\"elementor-field-type-tel elementor-field-group elementor-column elementor-field-group-field_29b7b92 elementor-col-50\">\n\t\t\t\t\t\t\t<input size=\"1\" type=\"tel\" name=\"form_fields[field_29b7b92]\" id=\"form-field-field_29b7b92\" class=\"elementor-field elementor-size-sm  elementor-field-textual\" placeholder=\"N\u00famero de tel\u00e9fono\" pattern=\"[0-9()#&amp;+*-=.]+\" title=\"Phone\">\n\n\t\t\t\t\t\t<\/div>\n\t\t\t\t\t\t\t\t<div class=\"elementor-field-type-text elementor-field-group elementor-column elementor-field-group-field_8b07918 elementor-col-100\">\n\t\t\t\t\t\t\t\t\t\t\t\t<label for=\"form-field-field_8b07918\" class=\"elementor-field-label\">\n\t\t\t\t\t\t\t\tInformaci\u00f3n recomendada de la empresa\t\t\t\t\t\t\t<\/label>\n\t\t\t\t\t\t\t\t\t\t\t\t\t\t<input size=\"1\" type=\"text\" name=\"form_fields[field_8b07918]\" id=\"form-field-field_8b07918\" class=\"elementor-field elementor-size-sm  elementor-field-textual\" placeholder=\"Contacto principal\">\n\t\t\t\t\t\t\t\t\t\t\t<\/div>\n\t\t\t\t\t\t\t\t<div class=\"elementor-field-type-text elementor-field-group elementor-column elementor-field-group-field_43fce7c elementor-col-50\">\n\t\t\t\t\t\t\t\t\t\t\t\t\t<input size=\"1\" type=\"text\" name=\"form_fields[field_43fce7c]\" id=\"form-field-field_43fce7c\" class=\"elementor-field elementor-size-sm  elementor-field-textual\" placeholder=\"T\u00edtulo del contacto principal\">\n\t\t\t\t\t\t\t\t\t\t\t<\/div>\n\t\t\t\t\t\t\t\t<div class=\"elementor-field-type-text elementor-field-group elementor-column elementor-field-group-field_dcfd262 elementor-col-50\">\n\t\t\t\t\t\t\t\t\t\t\t\t\t<input size=\"1\" type=\"text\" name=\"form_fields[field_dcfd262]\" id=\"form-field-field_dcfd262\" class=\"elementor-field elementor-size-sm  elementor-field-textual\" placeholder=\"Nuevo t\u00edtulo de contacto\">\n\t\t\t\t\t\t\t\t\t\t\t<\/div>\n\t\t\t\t\t\t\t\t<div class=\"elementor-field-type-text elementor-field-group elementor-column elementor-field-group-field_734157d elementor-col-50\">\n\t\t\t\t\t\t\t\t\t\t\t\t\t<input size=\"1\" type=\"text\" name=\"form_fields[field_734157d]\" id=\"form-field-field_734157d\" class=\"elementor-field elementor-size-sm  elementor-field-textual\" placeholder=\"Direcci\u00f3n de correo electr\u00f3nico de contacto principal\">\n\t\t\t\t\t\t\t\t\t\t\t<\/div>\n\t\t\t\t\t\t\t\t<div class=\"elementor-field-type-tel elementor-field-group elementor-column elementor-field-group-field_47fe6dd elementor-col-50\">\n\t\t\t\t\t\t\t<input size=\"1\" type=\"tel\" name=\"form_fields[field_47fe6dd]\" id=\"form-field-field_47fe6dd\" class=\"elementor-field elementor-size-sm  elementor-field-textual\" placeholder=\"Tel\u00e9fono de contacto principal\" pattern=\"[0-9()#&amp;+*-=.]+\" title=\"Phone\">\n\n\t\t\t\t\t\t<\/div>\n\t\t\t\t\t\t\t\t<div class=\"elementor-field-type-textarea elementor-field-group elementor-column elementor-field-group-field_3442ee0 elementor-col-100\">\n\t\t\t\t\t<textarea class=\"elementor-field-textual elementor-field  elementor-size-sm\" name=\"form_fields[field_3442ee0]\" id=\"form-field-field_3442ee0\" rows=\"4\" placeholder=\"Informaci\u00f3n adicional o comentarios\"><\/textarea>\t\t\t\t<\/div>\n\t\t\t\t\t\t\t\t<div class=\"elementor-field-type-recaptcha elementor-field-group elementor-column elementor-field-group-field_f6e86ec elementor-col-100\">\n\t\t\t\t\t<div class=\"elementor-field\" id=\"form-field-field_f6e86ec\"><div class=\"elementor-g-recaptcha\" data-sitekey=\"6Le4cNAjAAAAAFSA96o3AS5HDYqxJPoxa6DNF78T\" data-type=\"v2_checkbox\" data-theme=\"light\" data-size=\"normal\"><\/div><\/div>\t\t\t\t<\/div>\n\t\t\t\t\t\t\t\t<div class=\"elementor-field-group elementor-column elementor-field-type-submit elementor-col-100 e-form__buttons\">\n\t\t\t\t\t<button class=\"elementor-button elementor-size-sm\" type=\"submit\">\n\t\t\t\t\t\t<span class=\"elementor-button-content-wrapper\">\n\t\t\t\t\t\t\t\t\t\t\t\t\t\t\t\t\t\t\t\t\t\t<span class=\"elementor-button-text\">Enviar<\/span>\n\t\t\t\t\t\t\t\t\t\t\t\t\t<\/span>\n\t\t\t\t\t<\/button>\n\t\t\t\t<\/div>\n\t\t\t<\/div>\n\t\t<\/form>\n\t\t\t\t\t\t<\/div>\n\t\t\t\t<\/div>\n\t\t\t\t<div class=\"elementor-element elementor-element-4a459db elementor-widget elementor-widget-spacer\" data-id=\"4a459db\" data-element_type=\"widget\" data-e-type=\"widget\" data-widget_type=\"spacer.default\">\n\t\t\t\t<div class=\"elementor-widget-container\">\n\t\t\t\t\t\t\t<div class=\"elementor-spacer\">\n\t\t\t<div class=\"elementor-spacer-inner\"><\/div>\n\t\t<\/div>\n\t\t\t\t\t\t<\/div>\n\t\t\t\t<\/div>\n\t\t\t\t\t<\/div>\n\t\t<\/div>\n\t\t\t\t\t<\/div>\n\t\t<\/section>\n\t\t\t\t<\/div>\n\t\t","protected":false},"excerpt":{"rendered":"<p>PROGRAMA DE REFERIDOS Socio tecnol\u00f3gico | Soluciones estrat\u00e9gicas Nano Power Digital se enorgullece de ofrecer a nuestros clientes un rendimiento de costos superior y un servicio al cliente de calidad. El mejor respaldo que nuestros clientes, proveedores y socios pueden darnos es una referencia a alguien que podr\u00eda beneficiarse de trabajar con nosotros. Ahora puede [&hellip;]<\/p>\n","protected":false},"author":3,"featured_media":0,"parent":0,"menu_order":0,"comment_status":"closed","ping_status":"closed","template":"","meta":{"_acf_changed":false,"footnotes":""},"class_list":["post-265","page","type-page","status-publish","hentry"],"acf":[],"_links":{"self":[{"href":"https:\/\/nanopowerdigital.com\/en\/wp-json\/wp\/v2\/pages\/265","targetHints":{"allow":["GET"]}}],"collection":[{"href":"https:\/\/nanopowerdigital.com\/en\/wp-json\/wp\/v2\/pages"}],"about":[{"href":"https:\/\/nanopowerdigital.com\/en\/wp-json\/wp\/v2\/types\/page"}],"author":[{"embeddable":true,"href":"https:\/\/nanopowerdigital.com\/en\/wp-json\/wp\/v2\/users\/3"}],"replies":[{"embeddable":true,"href":"https:\/\/nanopowerdigital.com\/en\/wp-json\/wp\/v2\/comments?post=265"}],"version-history":[{"count":21,"href":"https:\/\/nanopowerdigital.com\/en\/wp-json\/wp\/v2\/pages\/265\/revisions"}],"predecessor-version":[{"id":868,"href":"https:\/\/nanopowerdigital.com\/en\/wp-json\/wp\/v2\/pages\/265\/revisions\/868"}],"wp:attachment":[{"href":"https:\/\/nanopowerdigital.com\/en\/wp-json\/wp\/v2\/media?parent=265"}],"curies":[{"name":"wp","href":"https:\/\/api.w.org\/{rel}","templated":true}]}}