{"id":37,"date":"2023-01-05T22:43:03","date_gmt":"2023-01-05T22:43:03","guid":{"rendered":"https:\/\/nanopowerdigital.com\/?page_id=37"},"modified":"2025-08-22T22:17:39","modified_gmt":"2025-08-22T22:17:39","slug":"microsoft-sharepoint","status":"publish","type":"page","link":"https:\/\/nanopowerdigital.com\/en\/microsoft-sharepoint\/","title":{"rendered":"Microsoft SharePoint"},"content":{"rendered":"<div data-elementor-type=\"wp-page\" data-elementor-id=\"37\" class=\"elementor elementor-37\" data-elementor-post-type=\"page\">\n\t\t\t\t\t\t<section class=\"elementor-section elementor-top-section elementor-element elementor-element-595d837e elementor-section-boxed elementor-section-height-default elementor-section-height-default\" data-id=\"595d837e\" data-element_type=\"section\" data-e-type=\"section\" data-settings=\"{&quot;background_background&quot;:&quot;classic&quot;}\">\n\t\t\t\t\t\t\t<div class=\"elementor-background-overlay\"><\/div>\n\t\t\t\t\t\t\t<div class=\"elementor-container elementor-column-gap-default\">\n\t\t\t\t\t<div class=\"elementor-column elementor-col-100 elementor-top-column elementor-element elementor-element-6341cebb\" data-id=\"6341cebb\" data-element_type=\"column\" data-e-type=\"column\">\n\t\t\t<div class=\"elementor-widget-wrap elementor-element-populated\">\n\t\t\t\t\t\t<div class=\"elementor-element elementor-element-24d451f0 elementor-invisible elementor-widget elementor-widget-heading\" data-id=\"24d451f0\" data-element_type=\"widget\" data-e-type=\"widget\" data-settings=\"{&quot;_animation&quot;:&quot;fadeInUp&quot;}\" data-widget_type=\"heading.default\">\n\t\t\t\t<div class=\"elementor-widget-container\">\n\t\t\t\t\t<h1 class=\"elementor-heading-title elementor-size-default\">Microsoft SharePoint<\/h1>\t\t\t\t<\/div>\n\t\t\t\t<\/div>\n\t\t\t\t\t<\/div>\n\t\t<\/div>\n\t\t\t\t\t<\/div>\n\t\t<\/section>\n\t\t\t\t<section class=\"elementor-section elementor-top-section elementor-element elementor-element-6d9a1d32 elementor-section-boxed elementor-section-height-default elementor-section-height-default\" data-id=\"6d9a1d32\" data-element_type=\"section\" data-e-type=\"section\">\n\t\t\t\t\t\t<div class=\"elementor-container elementor-column-gap-default\">\n\t\t\t\t\t<div class=\"elementor-column elementor-col-100 elementor-top-column elementor-element elementor-element-42041eb0\" data-id=\"42041eb0\" data-element_type=\"column\" data-e-type=\"column\">\n\t\t\t<div class=\"elementor-widget-wrap elementor-element-populated\">\n\t\t\t\t\t\t<div class=\"elementor-element elementor-element-3887a31 elementor-grid-mobile-1 elementor-grid-4 elementor-grid-tablet-3 elementor-products-grid elementor-wc-products elementor-show-pagination-border-yes elementor-widget elementor-widget-woocommerce-products\" data-id=\"3887a31\" data-element_type=\"widget\" data-e-type=\"widget\" data-widget_type=\"woocommerce-products.default\">\n\t\t\t\t<div class=\"elementor-widget-container\">\n\t\t\t\t\t<div class=\"woocommerce columns-4\"><div class=\"woocommerce-notices-wrapper\"><\/div><ul class=\"products elementor-grid columns-4\">\n<li class=\"product type-product post-723 status-publish first instock product_cat-sharepoint has-post-thumbnail taxable shipping-taxable purchasable product-type-simple\">\n\t<a href=\"https:\/\/nanopowerdigital.com\/en\/producto\/implementacion-sharepoint\/\" class=\"woocommerce-LoopProduct-link woocommerce-loop-product__link\"><img fetchpriority=\"high\" decoding=\"async\" width=\"300\" height=\"300\" src=\"https:\/\/nanopowerdigital.com\/wp-content\/uploads\/2025\/02\/implementacion-sharepoint.jpg\" class=\"attachment-woocommerce_thumbnail size-woocommerce_thumbnail\" alt=\"Implementaci\u00f3n SharePoint\" \/><h2 class=\"woocommerce-loop-product__title\">Implementaci\u00f3n SharePoint<\/h2>\n\t<span class=\"price\"><span class=\"woocommerce-Price-amount amount\"><bdi><span class=\"woocommerce-Price-currencySymbol\">USD $<\/span>925.99<\/bdi><\/span><\/span>\n<\/a><a href=\"\/en\/wp-json\/wp\/v2\/pages\/37?add-to-cart=723\" aria-describedby=\"woocommerce_loop_add_to_cart_link_describedby_723\" data-quantity=\"1\" class=\"button product_type_simple add_to_cart_button ajax_add_to_cart\" data-product_id=\"723\" data-product_sku=\"620\" aria-label=\"A\u00f1adir al carrito: \u201cImplementaci\u00f3n SharePoint\u201d\" rel=\"nofollow\" data-success_message=\"\u201cImplementaci\u00f3n SharePoint\u201d has been added to your cart\" role=\"button\" data-no-translation=\"\" data-trp-gettext=\"\" data-no-translation-aria-label=\"\" data-no-translation-data-success_message=\"\">Add to cart<\/a>\t<span id=\"woocommerce_loop_add_to_cart_link_describedby_723\" class=\"screen-reader-text\">\n\t\t\t<\/span>\n<\/li>\n<li class=\"product type-product post-335 status-publish instock product_cat-sharepoint has-post-thumbnail taxable shipping-taxable purchasable product-type-simple\">\n\t<a href=\"https:\/\/nanopowerdigital.com\/en\/producto\/funcionalidad-que-se-adapta-a-sus-necesidades\/\" class=\"woocommerce-LoopProduct-link woocommerce-loop-product__link\"><img decoding=\"async\" width=\"300\" height=\"300\" src=\"https:\/\/nanopowerdigital.com\/wp-content\/uploads\/2023\/01\/1778829c66b7800a38a5c6ec92827c482fc056cb-2-300x300.jpg\" class=\"attachment-woocommerce_thumbnail size-woocommerce_thumbnail\" alt=\"Funcionalidad que se adapta a sus necesidades\" srcset=\"https:\/\/nanopowerdigital.com\/wp-content\/uploads\/2023\/01\/1778829c66b7800a38a5c6ec92827c482fc056cb-2-300x300.jpg 300w, https:\/\/nanopowerdigital.com\/wp-content\/uploads\/2023\/01\/1778829c66b7800a38a5c6ec92827c482fc056cb-2-150x150.jpg 150w, https:\/\/nanopowerdigital.com\/wp-content\/uploads\/2023\/01\/1778829c66b7800a38a5c6ec92827c482fc056cb-2-100x100.jpg 100w\" sizes=\"(max-width: 300px) 100vw, 300px\" \/><h2 class=\"woocommerce-loop-product__title\">Funcionalidad que se adapta a sus necesidades<\/h2>\n\t<span class=\"price\"><span class=\"woocommerce-Price-amount amount\"><bdi><span class=\"woocommerce-Price-currencySymbol\">USD $<\/span>3,895.55<\/bdi><\/span><\/span>\n<\/a><a href=\"\/en\/wp-json\/wp\/v2\/pages\/37?add-to-cart=335\" aria-describedby=\"woocommerce_loop_add_to_cart_link_describedby_335\" data-quantity=\"1\" class=\"button product_type_simple add_to_cart_button ajax_add_to_cart\" data-product_id=\"335\" data-product_sku=\"\" aria-label=\"A\u00f1adir al carrito: \u201cFuncionalidad que se adapta a sus necesidades\u201d\" rel=\"nofollow\" data-success_message=\"\u201cFuncionalidad que se adapta a sus necesidades\u201d has been added to your cart\" role=\"button\" data-no-translation=\"\" data-trp-gettext=\"\" data-no-translation-aria-label=\"\" data-no-translation-data-success_message=\"\">Add to cart<\/a>\t<span id=\"woocommerce_loop_add_to_cart_link_describedby_335\" class=\"screen-reader-text\">\n\t\t\t<\/span>\n<\/li>\n<li class=\"product type-product post-333 status-publish instock product_cat-sharepoint has-post-thumbnail taxable shipping-taxable purchasable product-type-simple\">\n\t<a href=\"https:\/\/nanopowerdigital.com\/en\/producto\/instalacion-actualizacion-personalizacion-entrenamiento\/\" class=\"woocommerce-LoopProduct-link woocommerce-loop-product__link\"><img decoding=\"async\" width=\"300\" height=\"300\" src=\"https:\/\/nanopowerdigital.com\/wp-content\/uploads\/2023\/01\/web-development-t-1-1-300x300.jpg\" class=\"attachment-woocommerce_thumbnail size-woocommerce_thumbnail\" alt=\"Instalaci\u00f3n. Actualizaci\u00f3n. Personalizaci\u00f3n. Entrenamiento\" srcset=\"https:\/\/nanopowerdigital.com\/wp-content\/uploads\/2023\/01\/web-development-t-1-1-300x300.jpg 300w, https:\/\/nanopowerdigital.com\/wp-content\/uploads\/2023\/01\/web-development-t-1-1-150x150.jpg 150w, https:\/\/nanopowerdigital.com\/wp-content\/uploads\/2023\/01\/web-development-t-1-1-100x100.jpg 100w\" sizes=\"(max-width: 300px) 100vw, 300px\" \/><h2 class=\"woocommerce-loop-product__title\">Instalaci\u00f3n. Actualizaci\u00f3n. Personalizaci\u00f3n. Entrenamiento<\/h2>\n\t<span class=\"price\"><span class=\"woocommerce-Price-amount amount\"><bdi><span class=\"woocommerce-Price-currencySymbol\">USD $<\/span>2,450.55<\/bdi><\/span><\/span>\n<\/a><a href=\"\/en\/wp-json\/wp\/v2\/pages\/37?add-to-cart=333\" aria-describedby=\"woocommerce_loop_add_to_cart_link_describedby_333\" data-quantity=\"1\" class=\"button product_type_simple add_to_cart_button ajax_add_to_cart\" data-product_id=\"333\" data-product_sku=\"\" aria-label=\"A\u00f1adir al carrito: \u201cInstalaci\u00f3n. Actualizaci\u00f3n. Personalizaci\u00f3n. Entrenamiento\u201d\" rel=\"nofollow\" data-success_message=\"\u201cInstalaci\u00f3n. Actualizaci\u00f3n. Personalizaci\u00f3n. Entrenamiento\u201d has been added to your cart\" role=\"button\" data-no-translation=\"\" data-trp-gettext=\"\" data-no-translation-aria-label=\"\" data-no-translation-data-success_message=\"\">Add to cart<\/a>\t<span id=\"woocommerce_loop_add_to_cart_link_describedby_333\" class=\"screen-reader-text\">\n\t\t\t<\/span>\n<\/li>\n<li class=\"product type-product post-330 status-publish last instock product_cat-sharepoint has-post-thumbnail taxable shipping-taxable purchasable product-type-simple\">\n\t<a href=\"https:\/\/nanopowerdigital.com\/en\/producto\/microsoft-sharepoint-migraciones-de-office-365\/\" class=\"woocommerce-LoopProduct-link woocommerce-loop-product__link\"><img loading=\"lazy\" decoding=\"async\" width=\"300\" height=\"300\" src=\"https:\/\/nanopowerdigital.com\/wp-content\/uploads\/2023\/01\/sharepoint-online-definition-avantages-300x300.jpg\" class=\"attachment-woocommerce_thumbnail size-woocommerce_thumbnail\" alt=\"Microsoft Sharepoint | Migraciones De Office 365\" srcset=\"https:\/\/nanopowerdigital.com\/wp-content\/uploads\/2023\/01\/sharepoint-online-definition-avantages-300x300.jpg 300w, https:\/\/nanopowerdigital.com\/wp-content\/uploads\/2023\/01\/sharepoint-online-definition-avantages-150x150.jpg 150w, https:\/\/nanopowerdigital.com\/wp-content\/uploads\/2023\/01\/sharepoint-online-definition-avantages-100x100.jpg 100w\" sizes=\"(max-width: 300px) 100vw, 300px\" \/><h2 class=\"woocommerce-loop-product__title\">Microsoft Sharepoint | Migraciones De Office 365<\/h2>\n\t<span class=\"price\"><span class=\"woocommerce-Price-amount amount\"><bdi><span class=\"woocommerce-Price-currencySymbol\">USD $<\/span>1,050.55<\/bdi><\/span><\/span>\n<\/a><a href=\"\/en\/wp-json\/wp\/v2\/pages\/37?add-to-cart=330\" aria-describedby=\"woocommerce_loop_add_to_cart_link_describedby_330\" data-quantity=\"1\" class=\"button product_type_simple add_to_cart_button ajax_add_to_cart\" data-product_id=\"330\" data-product_sku=\"\" aria-label=\"A\u00f1adir al carrito: \u201cMicrosoft Sharepoint | Migraciones De Office 365\u201d\" rel=\"nofollow\" data-success_message=\"\u201cMicrosoft Sharepoint | Migraciones De Office 365\u201d has been added to your cart\" role=\"button\" data-no-translation=\"\" data-trp-gettext=\"\" data-no-translation-aria-label=\"\" data-no-translation-data-success_message=\"\">Add to cart<\/a>\t<span id=\"woocommerce_loop_add_to_cart_link_describedby_330\" class=\"screen-reader-text\">\n\t\t\t<\/span>\n<\/li>\n<\/ul>\n<\/div>\t\t\t\t<\/div>\n\t\t\t\t<\/div>\n\t\t\t\t\t<\/div>\n\t\t<\/div>\n\t\t\t\t\t<\/div>\n\t\t<\/section>\n\t\t\t\t<section class=\"elementor-section elementor-top-section elementor-element elementor-element-7b9dbdbe elementor-section-boxed elementor-section-height-default elementor-section-height-default\" data-id=\"7b9dbdbe\" data-element_type=\"section\" data-e-type=\"section\" data-settings=\"{&quot;background_background&quot;:&quot;classic&quot;}\">\n\t\t\t\t\t\t\t<div class=\"elementor-background-overlay\"><\/div>\n\t\t\t\t\t\t\t<div class=\"elementor-container elementor-column-gap-default\">\n\t\t\t\t\t<div class=\"elementor-column elementor-col-100 elementor-top-column elementor-element elementor-element-59bc88ad\" data-id=\"59bc88ad\" data-element_type=\"column\" data-e-type=\"column\">\n\t\t\t<div class=\"elementor-widget-wrap elementor-element-populated\">\n\t\t\t\t\t\t<div class=\"elementor-element elementor-element-7e1c5072 elementor-invisible elementor-widget elementor-widget-text-editor\" data-id=\"7e1c5072\" data-element_type=\"widget\" data-e-type=\"widget\" data-settings=\"{&quot;_animation&quot;:&quot;fadeInUp&quot;,&quot;_animation_delay&quot;:300}\" data-widget_type=\"text-editor.default\">\n\t\t\t\t<div class=\"elementor-widget-container\">\n\t\t\t\t\t\t\t\t\t<p>Nano Power Digital has extensive experience with SharePoint versions 2003, 2007, 2010, 2013, 2016 and 2019. Whether you are just getting started, need an upgrade, or want to enhance your current installation with custom features, Nano can help.<\/p><p>SharePoint 2019 offers new ways to share, synchronize, communicate and organize people and content within your organization. A new way to collaborate is combined with a simplified user experience and enhanced social features that make it easy to share ideas and stay in touch with your colleagues' work.<\/p>\t\t\t\t\t\t\t\t<\/div>\n\t\t\t\t<\/div>\n\t\t\t\t\t<\/div>\n\t\t<\/div>\n\t\t\t\t\t<\/div>\n\t\t<\/section>\n\t\t\t\t<section class=\"elementor-section elementor-top-section elementor-element elementor-element-6726db74 elementor-section-boxed elementor-section-height-default elementor-section-height-default\" data-id=\"6726db74\" data-element_type=\"section\" data-e-type=\"section\">\n\t\t\t\t\t\t<div class=\"elementor-container elementor-column-gap-default\">\n\t\t\t\t\t<div class=\"elementor-column elementor-col-100 elementor-top-column elementor-element elementor-element-db98ee3\" data-id=\"db98ee3\" data-element_type=\"column\" data-e-type=\"column\" data-settings=\"{&quot;background_background&quot;:&quot;classic&quot;}\">\n\t\t\t<div class=\"elementor-widget-wrap elementor-element-populated\">\n\t\t\t\t\t\t<div class=\"elementor-element elementor-element-6e1cc39 elementor--h-position-center elementor--v-position-middle elementor-arrows-position-inside elementor-pagination-position-inside elementor-widget elementor-widget-slides\" data-id=\"6e1cc39\" data-element_type=\"widget\" data-e-type=\"widget\" data-settings=\"{&quot;navigation&quot;:&quot;both&quot;,&quot;autoplay&quot;:&quot;yes&quot;,&quot;pause_on_hover&quot;:&quot;yes&quot;,&quot;pause_on_interaction&quot;:&quot;yes&quot;,&quot;autoplay_speed&quot;:5000,&quot;infinite&quot;:&quot;yes&quot;,&quot;transition&quot;:&quot;slide&quot;,&quot;transition_speed&quot;:500}\" data-widget_type=\"slides.default\">\n\t\t\t\t<div class=\"elementor-widget-container\">\n\t\t\t\t\t\t\t\t\t<div class=\"elementor-swiper\">\n\t\t\t\t\t<div class=\"elementor-slides-wrapper elementor-main-swiper swiper\" role=\"region\" aria-roledescription=\"carousel\" aria-label=\"Diapositivas\" dir=\"ltr\" data-animation=\"fadeInUp\">\n\t\t\t\t<div class=\"swiper-wrapper elementor-slides\">\n\t\t\t\t\t\t\t\t\t\t<div class=\"elementor-repeater-item-e676454 swiper-slide\" role=\"group\" aria-roledescription=\"slide\"><div class=\"swiper-slide-bg\"><\/div><div class=\"swiper-slide-inner\" ><div class=\"swiper-slide-contents\"><div class=\"elementor-slide-heading\">SharePoint Opportunity<\/div><div class=\"elementor-slide-description\">SharePoint helps you share, organize, discover, build, and manage your organization.<\/div><\/div><\/div><\/div><div class=\"elementor-repeater-item-3afd47d swiper-slide\" role=\"group\" aria-roledescription=\"slide\"><div class=\"swiper-slide-bg\"><\/div><div class=\"swiper-slide-inner\" ><div class=\"swiper-slide-contents\"><div class=\"elementor-slide-heading\">Share<\/div><div class=\"elementor-slide-description\">Connect with employees across your organization. Use SharePoint to connect with people, share ideas and reinvent the way you work together.<\/div><\/div><\/div><\/div><div class=\"elementor-repeater-item-31086a2 swiper-slide\" role=\"group\" aria-roledescription=\"slide\"><div class=\"swiper-slide-bg\"><\/div><div class=\"swiper-slide-inner\" ><div class=\"swiper-slide-contents\"><div class=\"elementor-slide-heading\">Build<\/div><div class=\"elementor-slide-description\">A developer and his web designer can use familiar tools and Internet standards to create new SharePoint experiences.<\/div><\/div><\/div><\/div><div class=\"elementor-repeater-item-d85e87a swiper-slide\" role=\"group\" aria-roledescription=\"slide\"><div class=\"swiper-slide-bg\"><\/div><div class=\"swiper-slide-inner\" ><div class=\"swiper-slide-contents\"><div class=\"elementor-slide-heading\">Manage<\/div><div class=\"elementor-slide-description\">Whether you are a team or an individual, SharePoint helps you organize information, people and projects.\nSharePoint provides effective controls to help IT manage costs, risks and time.\n<\/div><\/div><\/div><\/div><div class=\"elementor-repeater-item-059cb9d swiper-slide\" role=\"group\" aria-roledescription=\"slide\"><div class=\"swiper-slide-bg\"><\/div><div class=\"swiper-slide-inner\" ><div class=\"swiper-slide-contents\"><div class=\"elementor-slide-heading\">Discover<\/div><div class=\"elementor-slide-description\">SharePoint makes it easy to find answers, search for information and connect with experts.<\/div><\/div><\/div><\/div>\t\t\t\t<\/div>\n\t\t\t\t\t\t\t\t\t\t\t\t\t\t\t<div class=\"elementor-swiper-button elementor-swiper-button-prev\" role=\"button\" tabindex=\"0\" aria-label=\"Diapositiva anterior\">\n\t\t\t\t\t\t\t<i aria-hidden=\"true\" class=\"eicon-chevron-left\"><\/i>\t\t\t\t\t\t<\/div>\n\t\t\t\t\t\t<div class=\"elementor-swiper-button elementor-swiper-button-next\" role=\"button\" tabindex=\"0\" aria-label=\"Diapositiva siguiente\">\n\t\t\t\t\t\t\t<i aria-hidden=\"true\" class=\"eicon-chevron-right\"><\/i>\t\t\t\t\t\t<\/div>\n\t\t\t\t\t\t\t\t\t\t\t\t\t\t\t\t<div class=\"swiper-pagination\"><\/div>\n\t\t\t\t\t\t\t\t\t\t\t\t<\/div>\n\t\t\t\t<\/div>\n\t\t\t\t\t\t\t\t<\/div>\n\t\t\t\t<\/div>\n\t\t\t\t\t<\/div>\n\t\t<\/div>\n\t\t\t\t\t<\/div>\n\t\t<\/section>\n\t\t\t\t<\/div>","protected":false},"excerpt":{"rendered":"<p>Nano Power Digital tiene una amplia experiencia con las versiones de SharePoint 2003, 2007, 2010, 2013, 2016 y 2019. Ya sea que est\u00e9 comenzando, necesite una actualizaci\u00f3n o desee mejorar su instalaci\u00f3n actual con funciones personalizadas, Nano puede ayudarle. SharePoint 2019 ofrece nuevas formas de compartir, sincronizar, comunicar y organizar personas y contenido dentro de [&hellip;]<\/p>\n","protected":false},"author":3,"featured_media":0,"parent":0,"menu_order":0,"comment_status":"closed","ping_status":"closed","template":"","meta":{"_acf_changed":false,"footnotes":""},"class_list":["post-37","page","type-page","status-publish","hentry"],"acf":[],"_links":{"self":[{"href":"https:\/\/nanopowerdigital.com\/en\/wp-json\/wp\/v2\/pages\/37","targetHints":{"allow":["GET"]}}],"collection":[{"href":"https:\/\/nanopowerdigital.com\/en\/wp-json\/wp\/v2\/pages"}],"about":[{"href":"https:\/\/nanopowerdigital.com\/en\/wp-json\/wp\/v2\/types\/page"}],"author":[{"embeddable":true,"href":"https:\/\/nanopowerdigital.com\/en\/wp-json\/wp\/v2\/users\/3"}],"replies":[{"embeddable":true,"href":"https:\/\/nanopowerdigital.com\/en\/wp-json\/wp\/v2\/comments?post=37"}],"version-history":[{"count":7,"href":"https:\/\/nanopowerdigital.com\/en\/wp-json\/wp\/v2\/pages\/37\/revisions"}],"predecessor-version":[{"id":756,"href":"https:\/\/nanopowerdigital.com\/en\/wp-json\/wp\/v2\/pages\/37\/revisions\/756"}],"wp:attachment":[{"href":"https:\/\/nanopowerdigital.com\/en\/wp-json\/wp\/v2\/media?parent=37"}],"curies":[{"name":"wp","href":"https:\/\/api.w.org\/{rel}","templated":true}]}}