{"id":39,"date":"2023-01-05T22:43:20","date_gmt":"2023-01-05T22:43:20","guid":{"rendered":"https:\/\/nanopowerdigital.com\/?page_id=39"},"modified":"2025-08-22T22:16:46","modified_gmt":"2025-08-22T22:16:46","slug":"consultoria-de-ti","status":"publish","type":"page","link":"https:\/\/nanopowerdigital.com\/en\/consultoria-de-ti\/","title":{"rendered":"IT Consulting"},"content":{"rendered":"<div data-elementor-type=\"wp-page\" data-elementor-id=\"39\" class=\"elementor elementor-39\" data-elementor-post-type=\"page\">\n\t\t\t\t\t\t<section class=\"elementor-section elementor-top-section elementor-element elementor-element-2cd61aa9 elementor-section-boxed elementor-section-height-default elementor-section-height-default\" data-id=\"2cd61aa9\" data-element_type=\"section\" data-e-type=\"section\" data-settings=\"{&quot;background_background&quot;:&quot;classic&quot;}\">\n\t\t\t\t\t\t\t<div class=\"elementor-background-overlay\"><\/div>\n\t\t\t\t\t\t\t<div class=\"elementor-container elementor-column-gap-default\">\n\t\t\t\t\t<div class=\"elementor-column elementor-col-100 elementor-top-column elementor-element elementor-element-a320b15\" data-id=\"a320b15\" data-element_type=\"column\" data-e-type=\"column\">\n\t\t\t<div class=\"elementor-widget-wrap elementor-element-populated\">\n\t\t\t\t\t\t<div class=\"elementor-element elementor-element-12021608 elementor-invisible elementor-widget elementor-widget-heading\" data-id=\"12021608\" data-element_type=\"widget\" data-e-type=\"widget\" data-settings=\"{&quot;_animation&quot;:&quot;fadeInUp&quot;}\" data-widget_type=\"heading.default\">\n\t\t\t\t<div class=\"elementor-widget-container\">\n\t\t\t\t\t<h1 class=\"elementor-heading-title elementor-size-default\">IT Consulting<\/h1>\t\t\t\t<\/div>\n\t\t\t\t<\/div>\n\t\t\t\t\t<\/div>\n\t\t<\/div>\n\t\t\t\t\t<\/div>\n\t\t<\/section>\n\t\t\t\t<section class=\"elementor-section elementor-top-section elementor-element elementor-element-c9864f1 elementor-section-boxed elementor-section-height-default elementor-section-height-default\" data-id=\"c9864f1\" data-element_type=\"section\" data-e-type=\"section\">\n\t\t\t\t\t\t<div class=\"elementor-container elementor-column-gap-default\">\n\t\t\t\t\t<div class=\"elementor-column elementor-col-100 elementor-top-column elementor-element elementor-element-298f83e7\" data-id=\"298f83e7\" data-element_type=\"column\" data-e-type=\"column\">\n\t\t\t<div class=\"elementor-widget-wrap elementor-element-populated\">\n\t\t\t\t\t\t<div class=\"elementor-element elementor-element-3db40d81 elementor-widget__width-initial elementor-widget elementor-widget-text-editor\" data-id=\"3db40d81\" data-element_type=\"widget\" data-e-type=\"widget\" data-widget_type=\"text-editor.default\">\n\t\t\t\t<div class=\"elementor-widget-container\">\n\t\t\t\t\t\t\t\t\t<p>A company's technology organization should enable rather than constrain business strategy.<\/p><p>Nano Power Digital consulting focuses on the strategic needs of your business and recommends the technical capabilities needed to support your objectives.<\/p><p>Our team consists of a group of technical consultants with more than 150 years of experience and expertise in more than 25 areas.<\/p>\t\t\t\t\t\t\t\t<\/div>\n\t\t\t\t<\/div>\n\t\t\t\t<div class=\"elementor-element elementor-element-e795e28 elementor-grid-mobile-1 elementor-grid-4 elementor-grid-tablet-3 elementor-products-grid elementor-wc-products elementor-show-pagination-border-yes elementor-widget elementor-widget-woocommerce-products\" data-id=\"e795e28\" data-element_type=\"widget\" data-e-type=\"widget\" data-widget_type=\"woocommerce-products.default\">\n\t\t\t\t<div class=\"elementor-widget-container\">\n\t\t\t\t\t<div class=\"woocommerce columns-4\"><div class=\"woocommerce-notices-wrapper\"><\/div><ul class=\"products elementor-grid columns-4\">\n<li class=\"product type-product post-731 status-publish first instock product_cat-consultoria-ti has-post-thumbnail taxable shipping-taxable purchasable product-type-simple\">\n\t<a href=\"https:\/\/nanopowerdigital.com\/en\/producto\/implementacion-erp\/\" class=\"woocommerce-LoopProduct-link woocommerce-loop-product__link\"><img fetchpriority=\"high\" decoding=\"async\" width=\"300\" height=\"300\" src=\"https:\/\/nanopowerdigital.com\/wp-content\/uploads\/2025\/02\/implementacion-erp.jpg\" class=\"attachment-woocommerce_thumbnail size-woocommerce_thumbnail\" alt=\"Implementaci\u00f3n ERP\" \/><h2 class=\"woocommerce-loop-product__title\">Implementaci\u00f3n ERP<\/h2>\n\t<span class=\"price\"><span class=\"woocommerce-Price-amount amount\"><bdi><span class=\"woocommerce-Price-currencySymbol\">USD $<\/span>2,999.00<\/bdi><\/span><\/span>\n<\/a><a href=\"\/en\/wp-json\/wp\/v2\/pages\/39?add-to-cart=731\" aria-describedby=\"woocommerce_loop_add_to_cart_link_describedby_731\" data-quantity=\"1\" class=\"button product_type_simple add_to_cart_button ajax_add_to_cart\" data-product_id=\"731\" data-product_sku=\"628\" aria-label=\"A\u00f1adir al carrito: \u201cImplementaci\u00f3n ERP\u201d\" rel=\"nofollow\" data-success_message=\"\u201cImplementaci\u00f3n ERP\u201d has been added to your cart\" role=\"button\" data-no-translation=\"\" data-trp-gettext=\"\" data-no-translation-aria-label=\"\" data-no-translation-data-success_message=\"\">Add to cart<\/a>\t<span id=\"woocommerce_loop_add_to_cart_link_describedby_731\" class=\"screen-reader-text\">\n\t\t\t<\/span>\n<\/li>\n<li class=\"product type-product post-730 status-publish instock product_cat-consultoria-ti has-post-thumbnail taxable shipping-taxable purchasable product-type-simple\">\n\t<a href=\"https:\/\/nanopowerdigital.com\/en\/producto\/arquitectura-de-datos\/\" class=\"woocommerce-LoopProduct-link woocommerce-loop-product__link\"><img decoding=\"async\" width=\"300\" height=\"300\" src=\"https:\/\/nanopowerdigital.com\/wp-content\/uploads\/2025\/02\/arquitectura-de-datos.jpg\" class=\"attachment-woocommerce_thumbnail size-woocommerce_thumbnail\" alt=\"Arquitectura de Datos\" \/><h2 class=\"woocommerce-loop-product__title\">Arquitectura de Datos<\/h2>\n\t<span class=\"price\"><span class=\"woocommerce-Price-amount amount\"><bdi><span class=\"woocommerce-Price-currencySymbol\">USD $<\/span>300.00<\/bdi><\/span><\/span>\n<\/a><a href=\"\/en\/wp-json\/wp\/v2\/pages\/39?add-to-cart=730\" aria-describedby=\"woocommerce_loop_add_to_cart_link_describedby_730\" data-quantity=\"1\" class=\"button product_type_simple add_to_cart_button ajax_add_to_cart\" data-product_id=\"730\" data-product_sku=\"627\" aria-label=\"A\u00f1adir al carrito: \u201cArquitectura de Datos\u201d\" rel=\"nofollow\" data-success_message=\"\u201cArquitectura de Datos\u201d has been added to your cart\" role=\"button\" data-no-translation=\"\" data-trp-gettext=\"\" data-no-translation-aria-label=\"\" data-no-translation-data-success_message=\"\">Add to cart<\/a>\t<span id=\"woocommerce_loop_add_to_cart_link_describedby_730\" class=\"screen-reader-text\">\n\t\t\t<\/span>\n<\/li>\n<li class=\"product type-product post-729 status-publish instock product_cat-consultoria-ti has-post-thumbnail taxable shipping-taxable purchasable product-type-simple\">\n\t<a href=\"https:\/\/nanopowerdigital.com\/en\/producto\/consultoria-ti-empresarial\/\" class=\"woocommerce-LoopProduct-link woocommerce-loop-product__link\"><img decoding=\"async\" width=\"300\" height=\"300\" src=\"https:\/\/nanopowerdigital.com\/wp-content\/uploads\/2025\/02\/consultoria-ti-empresarial.jpg\" class=\"attachment-woocommerce_thumbnail size-woocommerce_thumbnail\" alt=\"Consultor\u00eda TI Empresarial\" \/><h2 class=\"woocommerce-loop-product__title\">Consultor\u00eda TI Empresarial<\/h2>\n\t<span class=\"price\"><span class=\"woocommerce-Price-amount amount\"><bdi><span class=\"woocommerce-Price-currencySymbol\">USD $<\/span>950.00<\/bdi><\/span><\/span>\n<\/a><a href=\"\/en\/wp-json\/wp\/v2\/pages\/39?add-to-cart=729\" aria-describedby=\"woocommerce_loop_add_to_cart_link_describedby_729\" data-quantity=\"1\" class=\"button product_type_simple add_to_cart_button ajax_add_to_cart\" data-product_id=\"729\" data-product_sku=\"626\" aria-label=\"A\u00f1adir al carrito: \u201cConsultor\u00eda TI Empresarial\u201d\" rel=\"nofollow\" data-success_message=\"\u201cConsultor\u00eda TI Empresarial\u201d has been added to your cart\" role=\"button\" data-no-translation=\"\" data-trp-gettext=\"\" data-no-translation-aria-label=\"\" data-no-translation-data-success_message=\"\">Add to cart<\/a>\t<span id=\"woocommerce_loop_add_to_cart_link_describedby_729\" class=\"screen-reader-text\">\n\t\t\t<\/span>\n<\/li>\n<li class=\"product type-product post-722 status-publish last instock product_cat-consultoria-ti has-post-thumbnail taxable shipping-taxable purchasable product-type-simple\">\n\t<a href=\"https:\/\/nanopowerdigital.com\/en\/producto\/respaldo-de-datos\/\" class=\"woocommerce-LoopProduct-link woocommerce-loop-product__link\"><img loading=\"lazy\" decoding=\"async\" width=\"300\" height=\"300\" src=\"https:\/\/nanopowerdigital.com\/wp-content\/uploads\/2025\/02\/respaldo-de-datos.jpg\" class=\"attachment-woocommerce_thumbnail size-woocommerce_thumbnail\" alt=\"Respaldo de Datos\" \/><h2 class=\"woocommerce-loop-product__title\">Respaldo de Datos<\/h2>\n\t<span class=\"price\"><span class=\"woocommerce-Price-amount amount\"><bdi><span class=\"woocommerce-Price-currencySymbol\">USD $<\/span>155.99<\/bdi><\/span><\/span>\n<\/a><a href=\"\/en\/wp-json\/wp\/v2\/pages\/39?add-to-cart=722\" aria-describedby=\"woocommerce_loop_add_to_cart_link_describedby_722\" data-quantity=\"1\" class=\"button product_type_simple add_to_cart_button ajax_add_to_cart\" data-product_id=\"722\" data-product_sku=\"619\" aria-label=\"A\u00f1adir al carrito: \u201cRespaldo de Datos\u201d\" rel=\"nofollow\" data-success_message=\"\u201cRespaldo de Datos\u201d has been added to your cart\" role=\"button\" data-no-translation=\"\" data-trp-gettext=\"\" data-no-translation-aria-label=\"\" data-no-translation-data-success_message=\"\">Add to cart<\/a>\t<span id=\"woocommerce_loop_add_to_cart_link_describedby_722\" class=\"screen-reader-text\">\n\t\t\t<\/span>\n<\/li>\n<li class=\"product type-product post-340 status-publish first instock product_cat-consultoria-ti has-post-thumbnail taxable shipping-taxable purchasable product-type-simple\">\n\t<a href=\"https:\/\/nanopowerdigital.com\/en\/producto\/consultor-de-ti-practica-de-consultoria\/\" class=\"woocommerce-LoopProduct-link woocommerce-loop-product__link\"><img loading=\"lazy\" decoding=\"async\" width=\"300\" height=\"300\" src=\"https:\/\/nanopowerdigital.com\/wp-content\/uploads\/2025\/02\/Consultoria-TI-Esencial-300x300.jpg\" class=\"attachment-woocommerce_thumbnail size-woocommerce_thumbnail\" alt=\"Consultor\u00eda TI Esencial - Para peque\u00f1as empresas y emprendedores\" srcset=\"https:\/\/nanopowerdigital.com\/wp-content\/uploads\/2025\/02\/Consultoria-TI-Esencial-300x300.jpg 300w, https:\/\/nanopowerdigital.com\/wp-content\/uploads\/2025\/02\/Consultoria-TI-Esencial-150x150.jpg 150w, https:\/\/nanopowerdigital.com\/wp-content\/uploads\/2025\/02\/Consultoria-TI-Esencial-768x768.jpg 768w, https:\/\/nanopowerdigital.com\/wp-content\/uploads\/2025\/02\/Consultoria-TI-Esencial-12x12.jpg 12w, https:\/\/nanopowerdigital.com\/wp-content\/uploads\/2025\/02\/Consultoria-TI-Esencial-600x600.jpg 600w, https:\/\/nanopowerdigital.com\/wp-content\/uploads\/2025\/02\/Consultoria-TI-Esencial-100x100.jpg 100w, https:\/\/nanopowerdigital.com\/wp-content\/uploads\/2025\/02\/Consultoria-TI-Esencial.jpg 1000w\" sizes=\"(max-width: 300px) 100vw, 300px\" \/><h2 class=\"woocommerce-loop-product__title\">Essential IT Consulting \u2013 For small businesses and entrepreneurs<\/h2>\n\t<span class=\"price\"><span class=\"woocommerce-Price-amount amount\"><bdi><span class=\"woocommerce-Price-currencySymbol\">USD $<\/span>150.55<\/bdi><\/span><\/span>\n<\/a><a href=\"\/en\/wp-json\/wp\/v2\/pages\/39?add-to-cart=340\" aria-describedby=\"woocommerce_loop_add_to_cart_link_describedby_340\" data-quantity=\"1\" class=\"button product_type_simple add_to_cart_button ajax_add_to_cart\" data-product_id=\"340\" data-product_sku=\"\" aria-label=\"A\u00f1adir al carrito: \u201cConsultor\u00eda TI Esencial - Para peque\u00f1as empresas y emprendedores\u201d\" rel=\"nofollow\" data-success_message=\"\u201cConsultor\u00eda TI Esencial - Para peque\u00f1as empresas y emprendedores\u201d has been added to your cart\" role=\"button\" data-no-translation=\"\" data-trp-gettext=\"\" data-no-translation-aria-label=\"\" data-no-translation-data-success_message=\"\">Add to cart<\/a>\t<span id=\"woocommerce_loop_add_to_cart_link_describedby_340\" class=\"screen-reader-text\">\n\t\t\t<\/span>\n<\/li>\n<\/ul>\n<\/div>\t\t\t\t<\/div>\n\t\t\t\t<\/div>\n\t\t\t\t\t<\/div>\n\t\t<\/div>\n\t\t\t\t\t<\/div>\n\t\t<\/section>\n\t\t\t\t<section class=\"elementor-section elementor-top-section elementor-element elementor-element-529e6316 elementor-section-boxed elementor-section-height-default elementor-section-height-default\" data-id=\"529e6316\" data-element_type=\"section\" data-e-type=\"section\" data-settings=\"{&quot;background_background&quot;:&quot;classic&quot;}\">\n\t\t\t\t\t\t\t<div class=\"elementor-background-overlay\"><\/div>\n\t\t\t\t\t\t\t<div class=\"elementor-container elementor-column-gap-default\">\n\t\t\t\t\t<div class=\"elementor-column elementor-col-100 elementor-top-column elementor-element elementor-element-2e98a4af\" data-id=\"2e98a4af\" data-element_type=\"column\" data-e-type=\"column\">\n\t\t\t<div class=\"elementor-widget-wrap elementor-element-populated\">\n\t\t\t\t\t\t<div class=\"elementor-element elementor-element-15c87459 elementor-invisible elementor-widget elementor-widget-heading\" data-id=\"15c87459\" data-element_type=\"widget\" data-e-type=\"widget\" data-settings=\"{&quot;_animation&quot;:&quot;fadeInUp&quot;,&quot;_animation_delay&quot;:200}\" data-widget_type=\"heading.default\">\n\t\t\t\t<div class=\"elementor-widget-container\">\n\t\t\t\t\t<div class=\"elementor-heading-title elementor-size-default\">Write down your possibilities<\/div>\t\t\t\t<\/div>\n\t\t\t\t<\/div>\n\t\t\t\t<div class=\"elementor-element elementor-element-21c5781 elementor-invisible elementor-widget elementor-widget-text-editor\" data-id=\"21c5781\" data-element_type=\"widget\" data-e-type=\"widget\" data-settings=\"{&quot;_animation&quot;:&quot;fadeInUp&quot;,&quot;_animation_delay&quot;:300}\" data-widget_type=\"text-editor.default\">\n\t\t\t\t<div class=\"elementor-widget-container\">\n\t\t\t\t\t\t\t\t\t<p>We don't just suggest, we offer solutions.<\/p><p>As a trusted partner, Nano knows how to make your business more productive and profitable by implementing technology solutions that meet your needs. We remove all obstacles that prevent your business from reaching its full potential and instead develop strategies to strengthen your business.<\/p><p>Corporate consultants apply the latest business strategies to ensure that your technology is secure and right-sized for your business needs.<\/p><p>Our consultants align all internal systems with your company's unique objectives, creating a customized roadmap that not only considers where you are now, but where you are going.<\/p>\t\t\t\t\t\t\t\t<\/div>\n\t\t\t\t<\/div>\n\t\t\t\t\t<\/div>\n\t\t<\/div>\n\t\t\t\t\t<\/div>\n\t\t<\/section>\n\t\t\t\t<section class=\"elementor-section elementor-top-section elementor-element elementor-element-61bd53f9 elementor-section-boxed elementor-section-height-default elementor-section-height-default\" data-id=\"61bd53f9\" data-element_type=\"section\" data-e-type=\"section\">\n\t\t\t\t\t\t<div class=\"elementor-container elementor-column-gap-default\">\n\t\t\t\t\t<div class=\"elementor-column elementor-col-100 elementor-top-column elementor-element elementor-element-463477d\" data-id=\"463477d\" data-element_type=\"column\" data-e-type=\"column\">\n\t\t\t<div class=\"elementor-widget-wrap elementor-element-populated\">\n\t\t\t\t\t\t<section class=\"elementor-section elementor-inner-section elementor-element elementor-element-410de81a elementor-section-boxed elementor-section-height-default elementor-section-height-default\" data-id=\"410de81a\" data-element_type=\"section\" data-e-type=\"section\">\n\t\t\t\t\t\t<div class=\"elementor-container elementor-column-gap-default\">\n\t\t\t\t\t<div class=\"elementor-column elementor-col-33 elementor-inner-column elementor-element elementor-element-37d34df1 elementor-invisible\" data-id=\"37d34df1\" data-element_type=\"column\" data-e-type=\"column\" data-settings=\"{&quot;background_background&quot;:&quot;classic&quot;,&quot;animation&quot;:&quot;fadeInLeft&quot;}\">\n\t\t\t<div class=\"elementor-widget-wrap elementor-element-populated\">\n\t\t\t\t\t<div class=\"elementor-background-overlay\"><\/div>\n\t\t\t\t\t\t<div class=\"elementor-element elementor-element-1ef2d81f elementor-widget elementor-widget-heading\" data-id=\"1ef2d81f\" data-element_type=\"widget\" data-e-type=\"widget\" data-widget_type=\"heading.default\">\n\t\t\t\t<div class=\"elementor-widget-container\">\n\t\t\t\t\t<h3 class=\"elementor-heading-title elementor-size-default\">IT Vision<\/h3>\t\t\t\t<\/div>\n\t\t\t\t<\/div>\n\t\t\t\t<div class=\"elementor-element elementor-element-21fd288c elementor-widget elementor-widget-text-editor\" data-id=\"21fd288c\" data-element_type=\"widget\" data-e-type=\"widget\" data-widget_type=\"text-editor.default\">\n\t\t\t\t<div class=\"elementor-widget-container\">\n\t\t\t\t\t\t\t\t\t<p>In today's IT infrastructure, cloud services, policies, security, training and network connectivity play a critical role in enabling IT to operate efficiently in an organization.<\/p><p>Nano identifies organizational priorities, assesses current employees and uses technology to identify and mitigate risks.<\/p>\t\t\t\t\t\t\t\t<\/div>\n\t\t\t\t<\/div>\n\t\t\t\t\t<\/div>\n\t\t<\/div>\n\t\t\t\t<div class=\"elementor-column elementor-col-33 elementor-inner-column elementor-element elementor-element-6abcee0 elementor-invisible\" data-id=\"6abcee0\" data-element_type=\"column\" data-e-type=\"column\" data-settings=\"{&quot;background_background&quot;:&quot;classic&quot;,&quot;animation&quot;:&quot;fadeInLeft&quot;}\">\n\t\t\t<div class=\"elementor-widget-wrap elementor-element-populated\">\n\t\t\t\t\t<div class=\"elementor-background-overlay\"><\/div>\n\t\t\t\t\t\t<div class=\"elementor-element elementor-element-d8b5597 elementor-widget elementor-widget-heading\" data-id=\"d8b5597\" data-element_type=\"widget\" data-e-type=\"widget\" data-widget_type=\"heading.default\">\n\t\t\t\t<div class=\"elementor-widget-container\">\n\t\t\t\t\t<h3 class=\"elementor-heading-title elementor-size-default\">Compliance and cybersecurity<\/h3>\t\t\t\t<\/div>\n\t\t\t\t<\/div>\n\t\t\t\t<div class=\"elementor-element elementor-element-fa70209 elementor-widget elementor-widget-text-editor\" data-id=\"fa70209\" data-element_type=\"widget\" data-e-type=\"widget\" data-widget_type=\"text-editor.default\">\n\t\t\t\t<div class=\"elementor-widget-container\">\n\t\t\t\t\t\t\t\t\t<p>Nano advises on the development and implementation of policies and processes to meet compliance requirements and mitigate risk.<\/p><p>We identify the best tools needed to minimize vulnerabilities, which we combine with training and communication tools to increase awareness and understanding.<\/p>\t\t\t\t\t\t\t\t<\/div>\n\t\t\t\t<\/div>\n\t\t\t\t\t<\/div>\n\t\t<\/div>\n\t\t\t\t<div class=\"elementor-column elementor-col-33 elementor-inner-column elementor-element elementor-element-ed9e32b elementor-invisible\" data-id=\"ed9e32b\" data-element_type=\"column\" data-e-type=\"column\" data-settings=\"{&quot;background_background&quot;:&quot;classic&quot;,&quot;animation&quot;:&quot;fadeInLeft&quot;}\">\n\t\t\t<div class=\"elementor-widget-wrap elementor-element-populated\">\n\t\t\t\t\t<div class=\"elementor-background-overlay\"><\/div>\n\t\t\t\t\t\t<div class=\"elementor-element elementor-element-1d32a54 elementor-widget elementor-widget-heading\" data-id=\"1d32a54\" data-element_type=\"widget\" data-e-type=\"widget\" data-widget_type=\"heading.default\">\n\t\t\t\t<div class=\"elementor-widget-container\">\n\t\t\t\t\t<h3 class=\"elementor-heading-title elementor-size-default\">Product selection<\/h3>\t\t\t\t<\/div>\n\t\t\t\t<\/div>\n\t\t\t\t<div class=\"elementor-element elementor-element-61cf692 elementor-widget elementor-widget-text-editor\" data-id=\"61cf692\" data-element_type=\"widget\" data-e-type=\"widget\" data-widget_type=\"text-editor.default\">\n\t\t\t\t<div class=\"elementor-widget-container\">\n\t\t\t\t\t\t\t\t\t<p>As trusted advisors, we oversee the process of selecting and implementing new solutions tailored to the company's infrastructure on behalf of our clients. This keeps your organization focused on its core tasks.<\/p>\t\t\t\t\t\t\t\t<\/div>\n\t\t\t\t<\/div>\n\t\t\t\t\t<\/div>\n\t\t<\/div>\n\t\t\t\t\t<\/div>\n\t\t<\/section>\n\t\t\t\t<section class=\"elementor-section elementor-inner-section elementor-element elementor-element-abc39a7 elementor-section-boxed elementor-section-height-default elementor-section-height-default\" data-id=\"abc39a7\" data-element_type=\"section\" data-e-type=\"section\">\n\t\t\t\t\t\t<div class=\"elementor-container elementor-column-gap-default\">\n\t\t\t\t\t<div class=\"elementor-column elementor-col-33 elementor-inner-column elementor-element elementor-element-0e41e39 elementor-invisible\" data-id=\"0e41e39\" data-element_type=\"column\" data-e-type=\"column\" data-settings=\"{&quot;background_background&quot;:&quot;classic&quot;,&quot;animation&quot;:&quot;fadeInLeft&quot;}\">\n\t\t\t<div class=\"elementor-widget-wrap elementor-element-populated\">\n\t\t\t\t\t<div class=\"elementor-background-overlay\"><\/div>\n\t\t\t\t\t\t<div class=\"elementor-element elementor-element-a5def60 elementor-widget elementor-widget-heading\" data-id=\"a5def60\" data-element_type=\"widget\" data-e-type=\"widget\" data-widget_type=\"heading.default\">\n\t\t\t\t<div class=\"elementor-widget-container\">\n\t\t\t\t\t<h3 class=\"elementor-heading-title elementor-size-default\">Data visualization and Power BI<\/h3>\t\t\t\t<\/div>\n\t\t\t\t<\/div>\n\t\t\t\t<div class=\"elementor-element elementor-element-963d187 elementor-widget elementor-widget-text-editor\" data-id=\"963d187\" data-element_type=\"widget\" data-e-type=\"widget\" data-widget_type=\"text-editor.default\">\n\t\t\t\t<div class=\"elementor-widget-container\">\n\t\t\t\t\t\t\t\t\t<p>Nano's Power BI team works with your company to deliver value-added data visualization, predictive analytics and actionable reports to create a winning solution for your business.<\/p><p>Identify information that gives your business a competitive advantage.<\/p>\t\t\t\t\t\t\t\t<\/div>\n\t\t\t\t<\/div>\n\t\t\t\t\t<\/div>\n\t\t<\/div>\n\t\t\t\t<div class=\"elementor-column elementor-col-33 elementor-inner-column elementor-element elementor-element-05a77a6 elementor-invisible\" data-id=\"05a77a6\" data-element_type=\"column\" data-e-type=\"column\" data-settings=\"{&quot;background_background&quot;:&quot;classic&quot;,&quot;animation&quot;:&quot;fadeInLeft&quot;}\">\n\t\t\t<div class=\"elementor-widget-wrap elementor-element-populated\">\n\t\t\t\t\t<div class=\"elementor-background-overlay\"><\/div>\n\t\t\t\t\t\t<div class=\"elementor-element elementor-element-4d11a7b elementor-widget elementor-widget-heading\" data-id=\"4d11a7b\" data-element_type=\"widget\" data-e-type=\"widget\" data-widget_type=\"heading.default\">\n\t\t\t\t<div class=\"elementor-widget-container\">\n\t\t\t\t\t<h3 class=\"elementor-heading-title elementor-size-default\">Application development<\/h3>\t\t\t\t<\/div>\n\t\t\t\t<\/div>\n\t\t\t\t<div class=\"elementor-element elementor-element-19b32aa elementor-widget elementor-widget-text-editor\" data-id=\"19b32aa\" data-element_type=\"widget\" data-e-type=\"widget\" data-widget_type=\"text-editor.default\">\n\t\t\t\t<div class=\"elementor-widget-container\">\n\t\t\t\t\t\t\t\t\t<p>Nano has the right software to manage your business efficiently.<\/p><p>Our experts have experience in identifying and automating parts of your business that are not covered by standard solutions, such as custom integrations and custom solution development.<\/p>\t\t\t\t\t\t\t\t<\/div>\n\t\t\t\t<\/div>\n\t\t\t\t\t<\/div>\n\t\t<\/div>\n\t\t\t\t<div class=\"elementor-column elementor-col-33 elementor-inner-column elementor-element elementor-element-f06c0f4 elementor-invisible\" data-id=\"f06c0f4\" data-element_type=\"column\" data-e-type=\"column\" data-settings=\"{&quot;background_background&quot;:&quot;classic&quot;,&quot;animation&quot;:&quot;fadeInLeft&quot;}\">\n\t\t\t<div class=\"elementor-widget-wrap elementor-element-populated\">\n\t\t\t\t\t<div class=\"elementor-background-overlay\"><\/div>\n\t\t\t\t\t\t<div class=\"elementor-element elementor-element-18f0e5e elementor-widget elementor-widget-heading\" data-id=\"18f0e5e\" data-element_type=\"widget\" data-e-type=\"widget\" data-widget_type=\"heading.default\">\n\t\t\t\t<div class=\"elementor-widget-container\">\n\t\t\t\t\t<h3 class=\"elementor-heading-title elementor-size-default\">Reubicaci\u00f3n y M&amp;A<\/h3>\t\t\t\t<\/div>\n\t\t\t\t<\/div>\n\t\t\t\t<div class=\"elementor-element elementor-element-dcada66 elementor-widget elementor-widget-text-editor\" data-id=\"dcada66\" data-element_type=\"widget\" data-e-type=\"widget\" data-widget_type=\"text-editor.default\">\n\t\t\t\t<div class=\"elementor-widget-container\">\n\t\t\t\t\t\t\t\t\t<p>Nano Power Digital consulting brings expertise and processes to mergers, acquisitions and relocations.<\/p><p>Our team offers leadership, project management and specific skills to mitigate risk and ensure positive results.<\/p>\t\t\t\t\t\t\t\t<\/div>\n\t\t\t\t<\/div>\n\t\t\t\t\t<\/div>\n\t\t<\/div>\n\t\t\t\t\t<\/div>\n\t\t<\/section>\n\t\t\t\t\t<\/div>\n\t\t<\/div>\n\t\t\t\t\t<\/div>\n\t\t<\/section>\n\t\t\t\t<\/div>","protected":false},"excerpt":{"rendered":"<p>La organizaci\u00f3n tecnol\u00f3gica de una empresa debe permitir en lugar de restringir la estrategia comercial. La consultor\u00eda de Nano Power Digital se centra en las necesidades estrat\u00e9gicas de su negocio y recomienda las capacidades t\u00e9cnicas necesarias para apoyar sus objetivos. Nuestro equipo est\u00e1 formado por un grupo de consultores t\u00e9cnicos con m\u00e1s de 150 a\u00f1os [&hellip;]<\/p>\n","protected":false},"author":3,"featured_media":0,"parent":0,"menu_order":0,"comment_status":"closed","ping_status":"closed","template":"","meta":{"_acf_changed":false,"footnotes":""},"class_list":["post-39","page","type-page","status-publish","hentry"],"acf":[],"_links":{"self":[{"href":"https:\/\/nanopowerdigital.com\/en\/wp-json\/wp\/v2\/pages\/39","targetHints":{"allow":["GET"]}}],"collection":[{"href":"https:\/\/nanopowerdigital.com\/en\/wp-json\/wp\/v2\/pages"}],"about":[{"href":"https:\/\/nanopowerdigital.com\/en\/wp-json\/wp\/v2\/types\/page"}],"author":[{"embeddable":true,"href":"https:\/\/nanopowerdigital.com\/en\/wp-json\/wp\/v2\/users\/3"}],"replies":[{"embeddable":true,"href":"https:\/\/nanopowerdigital.com\/en\/wp-json\/wp\/v2\/comments?post=39"}],"version-history":[{"count":10,"href":"https:\/\/nanopowerdigital.com\/en\/wp-json\/wp\/v2\/pages\/39\/revisions"}],"predecessor-version":[{"id":753,"href":"https:\/\/nanopowerdigital.com\/en\/wp-json\/wp\/v2\/pages\/39\/revisions\/753"}],"wp:attachment":[{"href":"https:\/\/nanopowerdigital.com\/en\/wp-json\/wp\/v2\/media?parent=39"}],"curies":[{"name":"wp","href":"https:\/\/api.w.org\/{rel}","templated":true}]}}