{"id":319,"date":"2023-01-12T22:44:36","date_gmt":"2023-01-12T22:44:36","guid":{"rendered":"https:\/\/nanopowerdigital.com\/?post_type=product&#038;p=319"},"modified":"2025-08-20T16:15:43","modified_gmt":"2025-08-20T16:15:43","slug":"web-pro-platino-i","status":"publish","type":"product","link":"https:\/\/nanopowerdigital.com\/en\/producto\/web-pro-platino-i\/","title":{"rendered":"Pro-Platino Web"},"content":{"rendered":"<p>Este paquete premium est\u00e1 dise\u00f1ado para empresas que necesitan una plataforma digital completa, altamente optimizada y con automatizaci\u00f3n avanzada. No solo ofrece un sitio web de gran escala, sino tambi\u00e9n an\u00e1lisis de datos, optimizaci\u00f3n SEO de alto nivel y estrategias de contenido para lograr un impacto significativo en el mercado.<\/p>\n<p>Incluye todo lo de Web Pro-Plus, m\u00e1s:<br \/>\n\ud83d\udc8e Dise\u00f1o web a medida (hasta 75 p\u00e1ginas)<br \/>\n\ud83d\udc8e Integraciones avanzadas con CRM y herramientas de automatizaci\u00f3n<br \/>\n\ud83d\udc8e Estrategias avanzadas de contenido y redacci\u00f3n profesional<br \/>\n\ud83d\udc8e Optimizaci\u00f3n para conversiones y UX\/UI mejorado<br \/>\n\ud83d\udc8e Informes detallados de anal\u00edtica y rendimiento web<br \/>\n\ud83d\udc8e Soporte premium con respuesta r\u00e1pida<\/p>","protected":false},"excerpt":{"rendered":"<p>Para grandes empresas que necesitan una soluci\u00f3n web premium con m\u00e1xima personalizaci\u00f3n y optimizaci\u00f3n.<\/p>\n<p>Un sitio web de hasta 75 p\u00e1ginas con todas las herramientas de comercio electr\u00f3nico, automatizaci\u00f3n de marketing y optimizaci\u00f3n SEO avanzada para un posicionamiento digital l\u00edder en su industria.<\/p>","protected":false},"featured_media":320,"comment_status":"open","ping_status":"closed","template":"","meta":{"_acf_changed":false},"product_brand":[],"product_cat":[28],"product_tag":[],"class_list":{"0":"post-319","1":"product","2":"type-product","3":"status-publish","4":"has-post-thumbnail","6":"product_cat-desarrollo-web","8":"first","9":"instock","10":"taxable","11":"shipping-taxable","12":"purchasable","13":"product-type-simple"},"acf":{"im_status":"enabled","days_for_delivery":"30"},"_links":{"self":[{"href":"https:\/\/nanopowerdigital.com\/en\/wp-json\/wp\/v2\/product\/319","targetHints":{"allow":["GET"]}}],"collection":[{"href":"https:\/\/nanopowerdigital.com\/en\/wp-json\/wp\/v2\/product"}],"about":[{"href":"https:\/\/nanopowerdigital.com\/en\/wp-json\/wp\/v2\/types\/product"}],"replies":[{"embeddable":true,"href":"https:\/\/nanopowerdigital.com\/en\/wp-json\/wp\/v2\/comments?post=319"}],"wp:featuredmedia":[{"embeddable":true,"href":"https:\/\/nanopowerdigital.com\/en\/wp-json\/wp\/v2\/media\/320"}],"wp:attachment":[{"href":"https:\/\/nanopowerdigital.com\/en\/wp-json\/wp\/v2\/media?parent=319"}],"wp:term":[{"taxonomy":"product_brand","embeddable":true,"href":"https:\/\/nanopowerdigital.com\/en\/wp-json\/wp\/v2\/product_brand?post=319"},{"taxonomy":"product_cat","embeddable":true,"href":"https:\/\/nanopowerdigital.com\/en\/wp-json\/wp\/v2\/product_cat?post=319"},{"taxonomy":"product_tag","embeddable":true,"href":"https:\/\/nanopowerdigital.com\/en\/wp-json\/wp\/v2\/product_tag?post=319"}],"curies":[{"name":"wp","href":"https:\/\/api.w.org\/{rel}","templated":true}]}}