{"id":330,"date":"2023-01-12T23:04:04","date_gmt":"2023-01-12T23:04:04","guid":{"rendered":"https:\/\/nanopowerdigital.com\/?post_type=product&#038;p=330"},"modified":"2025-08-20T16:29:27","modified_gmt":"2025-08-20T16:29:27","slug":"microsoft-sharepoint-migraciones-de-office-365","status":"publish","type":"product","link":"https:\/\/nanopowerdigital.com\/en\/producto\/microsoft-sharepoint-migraciones-de-office-365\/","title":{"rendered":"Microsoft Sharepoint | Migraciones De Office 365"},"content":{"rendered":"<p>Este paquete est\u00e1 dise\u00f1ado para empresas que desean migrar a Microsoft SharePoint y Office 365 sin complicaciones. Incluye una activaci\u00f3n de licencia, soporte t\u00e9cnico para resolver cualquier inconveniente y acceso a todas las actualizaciones de software durante un a\u00f1o.<\/p>\n<p>Includes:<br \/>\n\u2705 Migraci\u00f3n completa de datos a Office 365<br \/>\n\u2705 1 activaci\u00f3n de licencia incluida<br \/>\n\u2705 Soporte t\u00e9cnico confiable para resolver dudas y problemas<br \/>\n\u2705 Actualizaciones de software gratuitas por 1 a\u00f1o<\/p>","protected":false},"excerpt":{"rendered":"<p>Para peque\u00f1as empresas y emprendedores que necesitan una transici\u00f3n fluida a Office 365.<br \/>\nServicio de migraci\u00f3n a Office 365 con soporte t\u00e9cnico y actualizaciones incluidas por 1 a\u00f1o.<\/p>","protected":false},"featured_media":332,"comment_status":"open","ping_status":"closed","template":"","meta":{"_acf_changed":false},"product_brand":[],"product_cat":[29],"product_tag":[],"class_list":{"0":"post-330","1":"product","2":"type-product","3":"status-publish","4":"has-post-thumbnail","6":"product_cat-sharepoint","8":"first","9":"instock","10":"taxable","11":"shipping-taxable","12":"purchasable","13":"product-type-simple"},"acf":{"im_status":"enabled","days_for_delivery":"30"},"_links":{"self":[{"href":"https:\/\/nanopowerdigital.com\/en\/wp-json\/wp\/v2\/product\/330","targetHints":{"allow":["GET"]}}],"collection":[{"href":"https:\/\/nanopowerdigital.com\/en\/wp-json\/wp\/v2\/product"}],"about":[{"href":"https:\/\/nanopowerdigital.com\/en\/wp-json\/wp\/v2\/types\/product"}],"replies":[{"embeddable":true,"href":"https:\/\/nanopowerdigital.com\/en\/wp-json\/wp\/v2\/comments?post=330"}],"wp:featuredmedia":[{"embeddable":true,"href":"https:\/\/nanopowerdigital.com\/en\/wp-json\/wp\/v2\/media\/332"}],"wp:attachment":[{"href":"https:\/\/nanopowerdigital.com\/en\/wp-json\/wp\/v2\/media?parent=330"}],"wp:term":[{"taxonomy":"product_brand","embeddable":true,"href":"https:\/\/nanopowerdigital.com\/en\/wp-json\/wp\/v2\/product_brand?post=330"},{"taxonomy":"product_cat","embeddable":true,"href":"https:\/\/nanopowerdigital.com\/en\/wp-json\/wp\/v2\/product_cat?post=330"},{"taxonomy":"product_tag","embeddable":true,"href":"https:\/\/nanopowerdigital.com\/en\/wp-json\/wp\/v2\/product_tag?post=330"}],"curies":[{"name":"wp","href":"https:\/\/api.w.org\/{rel}","templated":true}]}}