{"id":333,"date":"2023-01-12T23:05:47","date_gmt":"2023-01-12T23:05:47","guid":{"rendered":"https:\/\/nanopowerdigital.com\/?post_type=product&#038;p=333"},"modified":"2025-08-20T16:28:24","modified_gmt":"2025-08-20T16:28:24","slug":"instalacion-actualizacion-personalizacion-entrenamiento","status":"publish","type":"product","link":"https:\/\/nanopowerdigital.com\/en\/producto\/instalacion-actualizacion-personalizacion-entrenamiento\/","title":{"rendered":"Instalaci\u00f3n. Actualizaci\u00f3n. Personalizaci\u00f3n. Entrenamiento"},"content":{"rendered":"<p>This level is ideal for companies that not only seek to install and update SharePoint and Office 365 but also require customization to tailor them to their needs and training for their team. It includes two license activations, advanced technical support, and all necessary updates for 2 years.<\/p>\n<p>Includes:<br \/>\n\ud83d\udd39 Complete installation and configuration of SharePoint and Office 365.<br \/>\n\ud83d\udd39 Updates and maintenance to ensure optimal performance.<br \/>\n\ud83d\udd39 Advanced customization to align with the company's processes.<br \/>\n\ud83d\udd39 Specialized training to maximize platform usage.<br \/>\n\ud83d\udd39 2 license activations included.<br \/>\n\ud83d\udd39 Priority technical support.<br \/>\n\ud83d\udd39 Free software updates for 2 years.<\/p>","protected":false},"excerpt":{"rendered":"<p>For growing businesses seeking a comprehensive solution with customization and training.<\/p>\n<p>A comprehensive package covering installation, updates, customization, and training in Microsoft SharePoint and Office 365.<\/p>","protected":false},"featured_media":334,"comment_status":"open","ping_status":"closed","template":"","meta":{"_acf_changed":false},"product_brand":[],"product_cat":[29],"product_tag":[],"class_list":{"0":"post-333","1":"product","2":"type-product","3":"status-publish","4":"has-post-thumbnail","6":"product_cat-sharepoint","8":"first","9":"instock","10":"taxable","11":"shipping-taxable","12":"purchasable","13":"product-type-simple"},"acf":{"im_status":"enabled","days_for_delivery":"30"},"_links":{"self":[{"href":"https:\/\/nanopowerdigital.com\/en\/wp-json\/wp\/v2\/product\/333","targetHints":{"allow":["GET"]}}],"collection":[{"href":"https:\/\/nanopowerdigital.com\/en\/wp-json\/wp\/v2\/product"}],"about":[{"href":"https:\/\/nanopowerdigital.com\/en\/wp-json\/wp\/v2\/types\/product"}],"replies":[{"embeddable":true,"href":"https:\/\/nanopowerdigital.com\/en\/wp-json\/wp\/v2\/comments?post=333"}],"wp:featuredmedia":[{"embeddable":true,"href":"https:\/\/nanopowerdigital.com\/en\/wp-json\/wp\/v2\/media\/334"}],"wp:attachment":[{"href":"https:\/\/nanopowerdigital.com\/en\/wp-json\/wp\/v2\/media?parent=333"}],"wp:term":[{"taxonomy":"product_brand","embeddable":true,"href":"https:\/\/nanopowerdigital.com\/en\/wp-json\/wp\/v2\/product_brand?post=333"},{"taxonomy":"product_cat","embeddable":true,"href":"https:\/\/nanopowerdigital.com\/en\/wp-json\/wp\/v2\/product_cat?post=333"},{"taxonomy":"product_tag","embeddable":true,"href":"https:\/\/nanopowerdigital.com\/en\/wp-json\/wp\/v2\/product_tag?post=333"}],"curies":[{"name":"wp","href":"https:\/\/api.w.org\/{rel}","templated":true}]}}