{"id":563,"date":"2025-06-24T21:33:23","date_gmt":"2025-06-24T21:33:23","guid":{"rendered":"https:\/\/nanopowerdigital.com\/?post_type=product&#038;p=563"},"modified":"2025-08-20T16:14:18","modified_gmt":"2025-08-20T16:14:18","slug":"instantanea-de-auditoria-seo","status":"publish","type":"product","link":"https:\/\/nanopowerdigital.com\/en\/producto\/instantanea-de-auditoria-seo\/","title":{"rendered":"Instant\u00e1nea de Auditor\u00eda Seo"},"content":{"rendered":"<p id=\"tw-target-text\" class=\"tw-data-text tw-text-large tw-ta\" dir=\"ltr\" data-placeholder=\"Traducci\u00f3n\" data-ved=\"2ahUKEwii0trQ8IqOAxWMQzABHfR5DmgQ3ewLegQICRAV\" aria-label=\"Texto traducido: Este servicio est\u00e1 dise\u00f1ado para sitios web nuevos o peque\u00f1as empresas que necesitan informaci\u00f3n SEO r\u00e1pida. Obt\u00e9n un informe b\u00e1sico que cubre palabras clave, velocidad de carga, optimizaci\u00f3n para dispositivos m\u00f3viles y calidad de metadatos. Ideal para mejorar la visibilidad de tu sitio. Imagen: Descargar imagen Duraci\u00f3n: Entrega en 3 d\u00edas Incluye: - Puntuaci\u00f3n de salud SEO - Oportunidades de palabras clave - Sugerencias de metadatos y velocidad\"><span class=\"Y2IQFc\" lang=\"es\">This service is designed for new websites or small businesses needing quick SEO insights. Get a basic report covering keywords, page speed, mobile friendliness, and metadata quality. Ideal for improving your site\u2019s visibility.<\/span><\/p>\n<p class=\"tw-data-text tw-text-large tw-ta\" dir=\"ltr\" data-placeholder=\"Traducci\u00f3n\" data-ved=\"2ahUKEwii0trQ8IqOAxWMQzABHfR5DmgQ3ewLegQICRAV\" aria-label=\"Texto traducido: Este servicio est\u00e1 dise\u00f1ado para sitios web nuevos o peque\u00f1as empresas que necesitan informaci\u00f3n SEO r\u00e1pida. Obt\u00e9n un informe b\u00e1sico que cubre palabras clave, velocidad de carga, optimizaci\u00f3n para dispositivos m\u00f3viles y calidad de metadatos. Ideal para mejorar la visibilidad de tu sitio. Imagen: Descargar imagen Duraci\u00f3n: Entrega en 3 d\u00edas Incluye: - Puntuaci\u00f3n de salud SEO - Oportunidades de palabras clave - Sugerencias de metadatos y velocidad\"><span class=\"Y2IQFc\" lang=\"es\">Duration: 3-day delivery<\/span><\/p>\n<p class=\"tw-data-text tw-text-large tw-ta\" dir=\"ltr\" data-placeholder=\"Traducci\u00f3n\" data-ved=\"2ahUKEwii0trQ8IqOAxWMQzABHfR5DmgQ3ewLegQICRAV\" aria-label=\"Texto traducido: Este servicio est\u00e1 dise\u00f1ado para sitios web nuevos o peque\u00f1as empresas que necesitan informaci\u00f3n SEO r\u00e1pida. Obt\u00e9n un informe b\u00e1sico que cubre palabras clave, velocidad de carga, optimizaci\u00f3n para dispositivos m\u00f3viles y calidad de metadatos. Ideal para mejorar la visibilidad de tu sitio. Imagen: Descargar imagen Duraci\u00f3n: Entrega en 3 d\u00edas Incluye: - Puntuaci\u00f3n de salud SEO - Oportunidades de palabras clave - Sugerencias de metadatos y velocidad\"><span class=\"Y2IQFc\" lang=\"es\">Includes:<\/span><\/p>\n<p class=\"tw-data-text tw-text-large tw-ta\" dir=\"ltr\" data-placeholder=\"Traducci\u00f3n\" data-ved=\"2ahUKEwii0trQ8IqOAxWMQzABHfR5DmgQ3ewLegQICRAV\" aria-label=\"Texto traducido: Este servicio est\u00e1 dise\u00f1ado para sitios web nuevos o peque\u00f1as empresas que necesitan informaci\u00f3n SEO r\u00e1pida. Obt\u00e9n un informe b\u00e1sico que cubre palabras clave, velocidad de carga, optimizaci\u00f3n para dispositivos m\u00f3viles y calidad de metadatos. Ideal para mejorar la visibilidad de tu sitio. Imagen: Descargar imagen Duraci\u00f3n: Entrega en 3 d\u00edas Incluye: - Puntuaci\u00f3n de salud SEO - Oportunidades de palabras clave - Sugerencias de metadatos y velocidad\"><span class=\"Y2IQFc\" lang=\"es\">\u2013 SEO health score<\/span><\/p>\n<p class=\"tw-data-text tw-text-large tw-ta\" dir=\"ltr\" data-placeholder=\"Traducci\u00f3n\" data-ved=\"2ahUKEwii0trQ8IqOAxWMQzABHfR5DmgQ3ewLegQICRAV\" aria-label=\"Texto traducido: Este servicio est\u00e1 dise\u00f1ado para sitios web nuevos o peque\u00f1as empresas que necesitan informaci\u00f3n SEO r\u00e1pida. Obt\u00e9n un informe b\u00e1sico que cubre palabras clave, velocidad de carga, optimizaci\u00f3n para dispositivos m\u00f3viles y calidad de metadatos. Ideal para mejorar la visibilidad de tu sitio. Imagen: Descargar imagen Duraci\u00f3n: Entrega en 3 d\u00edas Incluye: - Puntuaci\u00f3n de salud SEO - Oportunidades de palabras clave - Sugerencias de metadatos y velocidad\"><span class=\"Y2IQFc\" lang=\"es\">\u2013 Keyword opportunities<\/span><\/p>\n<p class=\"tw-data-text tw-text-large tw-ta\" dir=\"ltr\" data-placeholder=\"Traducci\u00f3n\" data-ved=\"2ahUKEwii0trQ8IqOAxWMQzABHfR5DmgQ3ewLegQICRAV\" aria-label=\"Texto traducido: Este servicio est\u00e1 dise\u00f1ado para sitios web nuevos o peque\u00f1as empresas que necesitan informaci\u00f3n SEO r\u00e1pida. Obt\u00e9n un informe b\u00e1sico que cubre palabras clave, velocidad de carga, optimizaci\u00f3n para dispositivos m\u00f3viles y calidad de metadatos. Ideal para mejorar la visibilidad de tu sitio. Imagen: Descargar imagen Duraci\u00f3n: Entrega en 3 d\u00edas Incluye: - Puntuaci\u00f3n de salud SEO - Oportunidades de palabras clave - Sugerencias de metadatos y velocidad\"><span class=\"Y2IQFc\" lang=\"es\">\u2013 Meta and speed suggestions<\/span><\/p>\n<pre id=\"tw-target-text\" class=\"tw-data-text tw-text-large tw-ta\" dir=\"ltr\" data-placeholder=\"Traducci\u00f3n\" data-ved=\"2ahUKEwii0trQ8IqOAxWMQzABHfR5DmgQ3ewLegQICRAV\" aria-label=\"Texto traducido: Soporte inform\u00e1tico remoto esencial para aut\u00f3nomos y empresas emergentes.\"><\/pre>\n<p>&nbsp;<\/p>","protected":false},"excerpt":{"rendered":"<p class=\"tw-data-text tw-text-large tw-ta\" dir=\"ltr\" data-placeholder=\"Traducci\u00f3n\" data-ved=\"2ahUKEwii0trQ8IqOAxWMQzABHfR5DmgQ3ewLegQICRAV\" aria-label=\"Texto traducido: Duraci\u00f3n: Soporte disponible en horario laboral Incluye: - Resoluci\u00f3n remota de incidencias - Soporte para la configuraci\u00f3n de correo electr\u00f3nico y aplicaciones - Optimizaci\u00f3n b\u00e1sica del sistema\">Quick SEO audit for small websites.<\/p>","protected":false},"featured_media":594,"comment_status":"open","ping_status":"closed","template":"","meta":{"_acf_changed":false},"product_brand":[],"product_cat":[27],"product_tag":[],"class_list":{"0":"post-563","1":"product","2":"type-product","3":"status-publish","4":"has-post-thumbnail","6":"product_cat-seguridad-red","8":"first","9":"instock","10":"taxable","11":"shipping-taxable","12":"purchasable","13":"product-type-simple"},"acf":{"im_status":"enabled","days_for_delivery":"3"},"_links":{"self":[{"href":"https:\/\/nanopowerdigital.com\/en\/wp-json\/wp\/v2\/product\/563","targetHints":{"allow":["GET"]}}],"collection":[{"href":"https:\/\/nanopowerdigital.com\/en\/wp-json\/wp\/v2\/product"}],"about":[{"href":"https:\/\/nanopowerdigital.com\/en\/wp-json\/wp\/v2\/types\/product"}],"replies":[{"embeddable":true,"href":"https:\/\/nanopowerdigital.com\/en\/wp-json\/wp\/v2\/comments?post=563"}],"wp:featuredmedia":[{"embeddable":true,"href":"https:\/\/nanopowerdigital.com\/en\/wp-json\/wp\/v2\/media\/594"}],"wp:attachment":[{"href":"https:\/\/nanopowerdigital.com\/en\/wp-json\/wp\/v2\/media?parent=563"}],"wp:term":[{"taxonomy":"product_brand","embeddable":true,"href":"https:\/\/nanopowerdigital.com\/en\/wp-json\/wp\/v2\/product_brand?post=563"},{"taxonomy":"product_cat","embeddable":true,"href":"https:\/\/nanopowerdigital.com\/en\/wp-json\/wp\/v2\/product_cat?post=563"},{"taxonomy":"product_tag","embeddable":true,"href":"https:\/\/nanopowerdigital.com\/en\/wp-json\/wp\/v2\/product_tag?post=563"}],"curies":[{"name":"wp","href":"https:\/\/api.w.org\/{rel}","templated":true}]}}