{"id":564,"date":"2025-06-24T21:37:54","date_gmt":"2025-06-24T21:37:54","guid":{"rendered":"https:\/\/nanopowerdigital.com\/?post_type=product&#038;p=564"},"modified":"2025-08-20T16:12:55","modified_gmt":"2025-08-20T16:12:55","slug":"escaneo-esencial-de-seguridad-web","status":"publish","type":"product","link":"https:\/\/nanopowerdigital.com\/en\/producto\/escaneo-esencial-de-seguridad-web\/","title":{"rendered":"Escaneo esencial de seguridad Web"},"content":{"rendered":"<p class=\"tw-data-text tw-text-large tw-ta\" dir=\"ltr\" data-placeholder=\"Traducci\u00f3n\" data-ved=\"2ahUKEwii0trQ8IqOAxWMQzABHfR5DmgQ3ewLegQICRAV\" aria-label=\"Texto traducido: Este paquete b\u00e1sico de seguridad web est\u00e1 dise\u00f1ado para sitios web que requieren una protecci\u00f3n b\u00e1sica pero eficaz. Incluye an\u00e1lisis de vulnerabilidades semanales y monitorizaci\u00f3n de DNS\/SSL para mantener su plataforma en l\u00ednea segura y conforme.\"><span class=\"Y2IQFc\" lang=\"es\">This entry-level web security package is tailored for websites requiring basic but effective protection. It includes weekly vulnerability scans and DNS\/SSL monitoring to keep your online platform secure and compliant.<\/span><\/p>\n<p id=\"tw-target-text\" class=\"tw-data-text tw-text-large tw-ta\" dir=\"ltr\" data-placeholder=\"Traducci\u00f3n\" data-ved=\"2ahUKEwii0trQ8IqOAxWMQzABHfR5DmgQ3ewLegQICRAV\" aria-label=\"Texto traducido: Duraci\u00f3n: An\u00e1lisis semanales durante 1 mes Incluye: - Firewall de aplicaciones web (WAF) - Monitoreo de DNS y SSL - Informe de auditor\u00eda OWASP Top 10\"><span class=\"Y2IQFc\" lang=\"es\">Duration:<\/span><\/p>\n<p class=\"tw-data-text tw-text-large tw-ta\" dir=\"ltr\" data-placeholder=\"Traducci\u00f3n\" data-ved=\"2ahUKEwii0trQ8IqOAxWMQzABHfR5DmgQ3ewLegQICRAV\" aria-label=\"Texto traducido: Duraci\u00f3n: An\u00e1lisis semanales durante 1 mes Incluye: - Firewall de aplicaciones web (WAF) - Monitoreo de DNS y SSL - Informe de auditor\u00eda OWASP Top 10\"><span class=\"Y2IQFc\" lang=\"es\">\u2013 Weekly scans for 1 month <\/span><\/p>\n<p class=\"tw-data-text tw-text-large tw-ta\" dir=\"ltr\" data-placeholder=\"Traducci\u00f3n\" data-ved=\"2ahUKEwii0trQ8IqOAxWMQzABHfR5DmgQ3ewLegQICRAV\" aria-label=\"Texto traducido: Duraci\u00f3n: An\u00e1lisis semanales durante 1 mes Incluye: - Firewall de aplicaciones web (WAF) - Monitoreo de DNS y SSL - Informe de auditor\u00eda OWASP Top 10\"><span class=\"Y2IQFc\" lang=\"es\">Includes:<\/span><\/p>\n<p class=\"tw-data-text tw-text-large tw-ta\" dir=\"ltr\" data-placeholder=\"Traducci\u00f3n\" data-ved=\"2ahUKEwii0trQ8IqOAxWMQzABHfR5DmgQ3ewLegQICRAV\" aria-label=\"Texto traducido: Duraci\u00f3n: An\u00e1lisis semanales durante 1 mes Incluye: - Firewall de aplicaciones web (WAF) - Monitoreo de DNS y SSL - Informe de auditor\u00eda OWASP Top 10\"><span class=\"Y2IQFc\" lang=\"es\">\u2013 Web Application Firewall (WAF)<\/span><\/p>\n<p class=\"tw-data-text tw-text-large tw-ta\" dir=\"ltr\" data-placeholder=\"Traducci\u00f3n\" data-ved=\"2ahUKEwii0trQ8IqOAxWMQzABHfR5DmgQ3ewLegQICRAV\" aria-label=\"Texto traducido: Duraci\u00f3n: An\u00e1lisis semanales durante 1 mes Incluye: - Firewall de aplicaciones web (WAF) - Monitoreo de DNS y SSL - Informe de auditor\u00eda OWASP Top 10\"><span class=\"Y2IQFc\" lang=\"es\">\u2013 DNS and SSL monitoring<\/span><\/p>\n<p class=\"tw-data-text tw-text-large tw-ta\" dir=\"ltr\" data-placeholder=\"Traducci\u00f3n\" data-ved=\"2ahUKEwii0trQ8IqOAxWMQzABHfR5DmgQ3ewLegQICRAV\" aria-label=\"Texto traducido: Duraci\u00f3n: An\u00e1lisis semanales durante 1 mes Incluye: - Firewall de aplicaciones web (WAF) - Monitoreo de DNS y SSL - Informe de auditor\u00eda OWASP Top 10\"><span class=\"Y2IQFc\" lang=\"es\">\u2013 OWASP Top 10 audit report\u00a0<\/span><\/p>\n<h3 id=\"tw-target-text\" class=\"tw-data-text tw-text-large tw-ta\" dir=\"ltr\" data-placeholder=\"Traducci\u00f3n\" data-ved=\"2ahUKEwii0trQ8IqOAxWMQzABHfR5DmgQ3ewLegQICRAV\" aria-label=\"Texto traducido: Este paquete b\u00e1sico de seguridad web est\u00e1 dise\u00f1ado para sitios web que requieren una protecci\u00f3n b\u00e1sica pero eficaz. Incluye an\u00e1lisis de vulnerabilidades semanales y monitorizaci\u00f3n de DNS\/SSL para mantener su plataforma en l\u00ednea segura y conforme.\"><span class=\"Y2IQFc\" lang=\"es\">\u00a0<\/span><\/h3>","protected":false},"excerpt":{"rendered":"<p>Secure your website with essential vulnerability scans and protection tools.<\/p>","protected":false},"featured_media":589,"comment_status":"open","ping_status":"closed","template":"","meta":{"_acf_changed":false},"product_brand":[],"product_cat":[27],"product_tag":[],"class_list":{"0":"post-564","1":"product","2":"type-product","3":"status-publish","4":"has-post-thumbnail","6":"product_cat-seguridad-red","8":"first","9":"instock","10":"taxable","11":"shipping-taxable","12":"purchasable","13":"product-type-simple"},"acf":{"im_status":"enabled","days_for_delivery":"3"},"_links":{"self":[{"href":"https:\/\/nanopowerdigital.com\/en\/wp-json\/wp\/v2\/product\/564","targetHints":{"allow":["GET"]}}],"collection":[{"href":"https:\/\/nanopowerdigital.com\/en\/wp-json\/wp\/v2\/product"}],"about":[{"href":"https:\/\/nanopowerdigital.com\/en\/wp-json\/wp\/v2\/types\/product"}],"replies":[{"embeddable":true,"href":"https:\/\/nanopowerdigital.com\/en\/wp-json\/wp\/v2\/comments?post=564"}],"wp:featuredmedia":[{"embeddable":true,"href":"https:\/\/nanopowerdigital.com\/en\/wp-json\/wp\/v2\/media\/589"}],"wp:attachment":[{"href":"https:\/\/nanopowerdigital.com\/en\/wp-json\/wp\/v2\/media?parent=564"}],"wp:term":[{"taxonomy":"product_brand","embeddable":true,"href":"https:\/\/nanopowerdigital.com\/en\/wp-json\/wp\/v2\/product_brand?post=564"},{"taxonomy":"product_cat","embeddable":true,"href":"https:\/\/nanopowerdigital.com\/en\/wp-json\/wp\/v2\/product_cat?post=564"},{"taxonomy":"product_tag","embeddable":true,"href":"https:\/\/nanopowerdigital.com\/en\/wp-json\/wp\/v2\/product_tag?post=564"}],"curies":[{"name":"wp","href":"https:\/\/api.w.org\/{rel}","templated":true}]}}