{"id":565,"date":"2025-06-24T22:05:42","date_gmt":"2025-06-24T22:05:42","guid":{"rendered":"https:\/\/nanopowerdigital.com\/?post_type=product&#038;p=565"},"modified":"2025-08-20T16:12:43","modified_gmt":"2025-08-20T16:12:43","slug":"consulta-en-la-nube-para-principiantes","status":"publish","type":"product","link":"https:\/\/nanopowerdigital.com\/en\/producto\/consulta-en-la-nube-para-principiantes\/","title":{"rendered":"Consulta en la nube para Principiantes"},"content":{"rendered":"<p class=\"tw-data-text tw-text-large tw-ta\" dir=\"ltr\" data-placeholder=\"Traducci\u00f3n\" data-ved=\"2ahUKEwii0trQ8IqOAxWMQzABHfR5DmgQ3ewLegQICRAV\" aria-label=\"Texto traducido: Sesi\u00f3n introductoria sobre estrategia en la nube para particulares y equipos peque\u00f1os. Descripci\u00f3n: Si te est\u00e1s migrando a la nube o simplemente est\u00e1s explorando tus opciones, este servicio te ofrece una introducci\u00f3n clara y pr\u00e1ctica a las herramientas, el alojamiento, las copias de seguridad y los modelos de precios en la nube; sin tecnicismos, solo claridad empresarial. Imagen: Descargar imagen Duraci\u00f3n: Consulta de 30 minutos Incluye: - Sesi\u00f3n en vivo por Zoom o Meet - Hoja comparativa de herramientas - Hoja de ruta de pr\u00f3ximos pasos\"><span class=\"Y2IQFc\" lang=\"es\">If you\u2019re moving to the cloud or just exploring your options, this service provides a clear and practical introduction to cloud tools, hosting, backups, and pricing models\u2014no tech jargon, just business clarity.<\/span><\/p>\n<p class=\"tw-data-text tw-text-large tw-ta\" dir=\"ltr\" data-placeholder=\"Traducci\u00f3n\" data-ved=\"2ahUKEwii0trQ8IqOAxWMQzABHfR5DmgQ3ewLegQICRAV\" aria-label=\"Texto traducido: Sesi\u00f3n introductoria sobre estrategia en la nube para particulares y equipos peque\u00f1os. Descripci\u00f3n: Si te est\u00e1s migrando a la nube o simplemente est\u00e1s explorando tus opciones, este servicio te ofrece una introducci\u00f3n clara y pr\u00e1ctica a las herramientas, el alojamiento, las copias de seguridad y los modelos de precios en la nube; sin tecnicismos, solo claridad empresarial. Imagen: Descargar imagen Duraci\u00f3n: Consulta de 30 minutos Incluye: - Sesi\u00f3n en vivo por Zoom o Meet - Hoja comparativa de herramientas - Hoja de ruta de pr\u00f3ximos pasos\"><span class=\"Y2IQFc\" lang=\"es\">Duration: 30-minute consultation <\/span><\/p>\n<p class=\"tw-data-text tw-text-large tw-ta\" dir=\"ltr\" data-placeholder=\"Traducci\u00f3n\" data-ved=\"2ahUKEwii0trQ8IqOAxWMQzABHfR5DmgQ3ewLegQICRAV\" aria-label=\"Texto traducido: Sesi\u00f3n introductoria sobre estrategia en la nube para particulares y equipos peque\u00f1os. Descripci\u00f3n: Si te est\u00e1s migrando a la nube o simplemente est\u00e1s explorando tus opciones, este servicio te ofrece una introducci\u00f3n clara y pr\u00e1ctica a las herramientas, el alojamiento, las copias de seguridad y los modelos de precios en la nube; sin tecnicismos, solo claridad empresarial. Imagen: Descargar imagen Duraci\u00f3n: Consulta de 30 minutos Incluye: - Sesi\u00f3n en vivo por Zoom o Meet - Hoja comparativa de herramientas - Hoja de ruta de pr\u00f3ximos pasos\"><span class=\"Y2IQFc\" lang=\"es\">Includes: <\/span><\/p>\n<p class=\"tw-data-text tw-text-large tw-ta\" dir=\"ltr\" data-placeholder=\"Traducci\u00f3n\" data-ved=\"2ahUKEwii0trQ8IqOAxWMQzABHfR5DmgQ3ewLegQICRAV\" aria-label=\"Texto traducido: Sesi\u00f3n introductoria sobre estrategia en la nube para particulares y equipos peque\u00f1os. Descripci\u00f3n: Si te est\u00e1s migrando a la nube o simplemente est\u00e1s explorando tus opciones, este servicio te ofrece una introducci\u00f3n clara y pr\u00e1ctica a las herramientas, el alojamiento, las copias de seguridad y los modelos de precios en la nube; sin tecnicismos, solo claridad empresarial. Imagen: Descargar imagen Duraci\u00f3n: Consulta de 30 minutos Incluye: - Sesi\u00f3n en vivo por Zoom o Meet - Hoja comparativa de herramientas - Hoja de ruta de pr\u00f3ximos pasos\"><span class=\"Y2IQFc\" lang=\"es\">\u2013 Live Zoom or Meet session <\/span><\/p>\n<p class=\"tw-data-text tw-text-large tw-ta\" dir=\"ltr\" data-placeholder=\"Traducci\u00f3n\" data-ved=\"2ahUKEwii0trQ8IqOAxWMQzABHfR5DmgQ3ewLegQICRAV\" aria-label=\"Texto traducido: Sesi\u00f3n introductoria sobre estrategia en la nube para particulares y equipos peque\u00f1os. Descripci\u00f3n: Si te est\u00e1s migrando a la nube o simplemente est\u00e1s explorando tus opciones, este servicio te ofrece una introducci\u00f3n clara y pr\u00e1ctica a las herramientas, el alojamiento, las copias de seguridad y los modelos de precios en la nube; sin tecnicismos, solo claridad empresarial. Imagen: Descargar imagen Duraci\u00f3n: Consulta de 30 minutos Incluye: - Sesi\u00f3n en vivo por Zoom o Meet - Hoja comparativa de herramientas - Hoja de ruta de pr\u00f3ximos pasos\"><span class=\"Y2IQFc\" lang=\"es\">\u2013 Tool comparison sheet <\/span><\/p>\n<p class=\"tw-data-text tw-text-large tw-ta\" dir=\"ltr\" data-placeholder=\"Traducci\u00f3n\" data-ved=\"2ahUKEwii0trQ8IqOAxWMQzABHfR5DmgQ3ewLegQICRAV\" aria-label=\"Texto traducido: Sesi\u00f3n introductoria sobre estrategia en la nube para particulares y equipos peque\u00f1os. Descripci\u00f3n: Si te est\u00e1s migrando a la nube o simplemente est\u00e1s explorando tus opciones, este servicio te ofrece una introducci\u00f3n clara y pr\u00e1ctica a las herramientas, el alojamiento, las copias de seguridad y los modelos de precios en la nube; sin tecnicismos, solo claridad empresarial. Imagen: Descargar imagen Duraci\u00f3n: Consulta de 30 minutos Incluye: - Sesi\u00f3n en vivo por Zoom o Meet - Hoja comparativa de herramientas - Hoja de ruta de pr\u00f3ximos pasos\"><span class=\"Y2IQFc\" lang=\"es\">\u2013 Next steps roadmap<\/span><\/p>","protected":false},"excerpt":{"rendered":"<p>Introductory cloud strategy session for individuals and small teams.<\/p>","protected":false},"featured_media":587,"comment_status":"open","ping_status":"closed","template":"","meta":{"_acf_changed":false},"product_brand":[],"product_cat":[27],"product_tag":[],"class_list":{"0":"post-565","1":"product","2":"type-product","3":"status-publish","4":"has-post-thumbnail","6":"product_cat-seguridad-red","8":"first","9":"instock","10":"taxable","11":"shipping-taxable","12":"purchasable","13":"product-type-simple"},"acf":{"im_status":"enabled","days_for_delivery":"2"},"_links":{"self":[{"href":"https:\/\/nanopowerdigital.com\/en\/wp-json\/wp\/v2\/product\/565","targetHints":{"allow":["GET"]}}],"collection":[{"href":"https:\/\/nanopowerdigital.com\/en\/wp-json\/wp\/v2\/product"}],"about":[{"href":"https:\/\/nanopowerdigital.com\/en\/wp-json\/wp\/v2\/types\/product"}],"replies":[{"embeddable":true,"href":"https:\/\/nanopowerdigital.com\/en\/wp-json\/wp\/v2\/comments?post=565"}],"wp:featuredmedia":[{"embeddable":true,"href":"https:\/\/nanopowerdigital.com\/en\/wp-json\/wp\/v2\/media\/587"}],"wp:attachment":[{"href":"https:\/\/nanopowerdigital.com\/en\/wp-json\/wp\/v2\/media?parent=565"}],"wp:term":[{"taxonomy":"product_brand","embeddable":true,"href":"https:\/\/nanopowerdigital.com\/en\/wp-json\/wp\/v2\/product_brand?post=565"},{"taxonomy":"product_cat","embeddable":true,"href":"https:\/\/nanopowerdigital.com\/en\/wp-json\/wp\/v2\/product_cat?post=565"},{"taxonomy":"product_tag","embeddable":true,"href":"https:\/\/nanopowerdigital.com\/en\/wp-json\/wp\/v2\/product_tag?post=565"}],"curies":[{"name":"wp","href":"https:\/\/api.w.org\/{rel}","templated":true}]}}