{"id":715,"date":"2025-08-22T21:19:19","date_gmt":"2025-08-22T21:19:19","guid":{"rendered":"https:\/\/nanopowerdigital.com\/?post_type=product&#038;p=715"},"modified":"2025-08-22T22:23:15","modified_gmt":"2025-08-22T22:23:15","slug":"soporte-helpdesk-basico","status":"publish","type":"product","link":"https:\/\/nanopowerdigital.com\/en\/producto\/soporte-helpdesk-basico\/","title":{"rendered":"Soporte Helpdesk B\u00e1sico"},"content":{"rendered":"<p>Nuestro servicio de Soporte Helpdesk B\u00e1sico ofrece asistencia t\u00e9cnica remota para resolver incidencias de hardware, software y conectividad de manera r\u00e1pida y eficiente, garantizando continuidad operativa y satisfacci\u00f3n del usuario. Ideal para peque\u00f1as empresas y usuarios individuales.<\/p>\n<p>Incluye todo lo de Soporte Helpdesk B\u00e1sico y m\u00e1s:<br \/>\n\u2022 Resoluci\u00f3n remota de incidencias de software y hardware<br \/>\n\u2022 Asistencia t\u00e9cnica en horario laboral<br \/>\n\u2022 Reportes de soporte semanal<br \/>\n\u2022 Prioridad en solicitudes b\u00e1sicas<\/p>","protected":false},"excerpt":{"rendered":"<p>Atenci\u00f3n remota para incidencias comunes.<\/p>","protected":false},"featured_media":654,"comment_status":"open","ping_status":"closed","template":"","meta":{"_acf_changed":false},"product_brand":[],"product_cat":[25],"product_tag":[],"class_list":{"0":"post-715","1":"product","2":"type-product","3":"status-publish","4":"has-post-thumbnail","6":"product_cat-helpdesk","8":"first","9":"instock","10":"taxable","11":"shipping-taxable","12":"purchasable","13":"product-type-simple"},"acf":{"im_status":"enabled","days_for_delivery":"3"},"_links":{"self":[{"href":"https:\/\/nanopowerdigital.com\/en\/wp-json\/wp\/v2\/product\/715","targetHints":{"allow":["GET"]}}],"collection":[{"href":"https:\/\/nanopowerdigital.com\/en\/wp-json\/wp\/v2\/product"}],"about":[{"href":"https:\/\/nanopowerdigital.com\/en\/wp-json\/wp\/v2\/types\/product"}],"replies":[{"embeddable":true,"href":"https:\/\/nanopowerdigital.com\/en\/wp-json\/wp\/v2\/comments?post=715"}],"wp:featuredmedia":[{"embeddable":true,"href":"https:\/\/nanopowerdigital.com\/en\/wp-json\/wp\/v2\/media\/654"}],"wp:attachment":[{"href":"https:\/\/nanopowerdigital.com\/en\/wp-json\/wp\/v2\/media?parent=715"}],"wp:term":[{"taxonomy":"product_brand","embeddable":true,"href":"https:\/\/nanopowerdigital.com\/en\/wp-json\/wp\/v2\/product_brand?post=715"},{"taxonomy":"product_cat","embeddable":true,"href":"https:\/\/nanopowerdigital.com\/en\/wp-json\/wp\/v2\/product_cat?post=715"},{"taxonomy":"product_tag","embeddable":true,"href":"https:\/\/nanopowerdigital.com\/en\/wp-json\/wp\/v2\/product_tag?post=715"}],"curies":[{"name":"wp","href":"https:\/\/api.w.org\/{rel}","templated":true}]}}