{"id":716,"date":"2025-08-22T21:19:19","date_gmt":"2025-08-22T21:19:19","guid":{"rendered":"https:\/\/nanopowerdigital.com\/?post_type=product&#038;p=716"},"modified":"2025-08-22T22:24:03","modified_gmt":"2025-08-22T22:24:03","slug":"mantenimiento-de-pc","status":"publish","type":"product","link":"https:\/\/nanopowerdigital.com\/en\/producto\/mantenimiento-de-pc\/","title":{"rendered":"Mantenimiento de PC"},"content":{"rendered":"<p>Este servicio mantiene tu equipo en \u00f3ptimas condiciones, incluye limpieza de software, eliminaci\u00f3n de virus, actualizaci\u00f3n de drivers y optimizaci\u00f3n de rendimiento, asegurando estabilidad y velocidad para tus tareas diarias.<\/p>\n<p>Incluye todo lo de Mantenimiento de PC y m\u00e1s:<br \/>\n\u2022 Limpieza de archivos temporales y cache<br \/>\n\u2022 Eliminaci\u00f3n de virus y malware<br \/>\n\u2022 Actualizaci\u00f3n de drivers y sistemas<br \/>\n\u2022 Optimizaci\u00f3n del rendimiento del equipo<\/p>","protected":false},"excerpt":{"rendered":"<p>Optimizaci\u00f3n y limpieza de equipos.<\/p>","protected":false},"featured_media":648,"comment_status":"open","ping_status":"closed","template":"","meta":{"_acf_changed":false},"product_brand":[],"product_cat":[25],"product_tag":[],"class_list":{"0":"post-716","1":"product","2":"type-product","3":"status-publish","4":"has-post-thumbnail","6":"product_cat-helpdesk","8":"first","9":"instock","10":"taxable","11":"shipping-taxable","12":"purchasable","13":"product-type-simple"},"acf":{"im_status":"enabled","days_for_delivery":"3"},"_links":{"self":[{"href":"https:\/\/nanopowerdigital.com\/en\/wp-json\/wp\/v2\/product\/716","targetHints":{"allow":["GET"]}}],"collection":[{"href":"https:\/\/nanopowerdigital.com\/en\/wp-json\/wp\/v2\/product"}],"about":[{"href":"https:\/\/nanopowerdigital.com\/en\/wp-json\/wp\/v2\/types\/product"}],"replies":[{"embeddable":true,"href":"https:\/\/nanopowerdigital.com\/en\/wp-json\/wp\/v2\/comments?post=716"}],"wp:featuredmedia":[{"embeddable":true,"href":"https:\/\/nanopowerdigital.com\/en\/wp-json\/wp\/v2\/media\/648"}],"wp:attachment":[{"href":"https:\/\/nanopowerdigital.com\/en\/wp-json\/wp\/v2\/media?parent=716"}],"wp:term":[{"taxonomy":"product_brand","embeddable":true,"href":"https:\/\/nanopowerdigital.com\/en\/wp-json\/wp\/v2\/product_brand?post=716"},{"taxonomy":"product_cat","embeddable":true,"href":"https:\/\/nanopowerdigital.com\/en\/wp-json\/wp\/v2\/product_cat?post=716"},{"taxonomy":"product_tag","embeddable":true,"href":"https:\/\/nanopowerdigital.com\/en\/wp-json\/wp\/v2\/product_tag?post=716"}],"curies":[{"name":"wp","href":"https:\/\/api.w.org\/{rel}","templated":true}]}}