{"id":717,"date":"2025-08-22T21:19:19","date_gmt":"2025-08-22T21:19:19","guid":{"rendered":"https:\/\/nanopowerdigital.com\/?post_type=product&#038;p=717"},"modified":"2025-08-22T21:45:02","modified_gmt":"2025-08-22T21:45:02","slug":"instalacion-de-software","status":"publish","type":"product","link":"https:\/\/nanopowerdigital.com\/en\/producto\/instalacion-de-software\/","title":{"rendered":"Instalaci\u00f3n de Software"},"content":{"rendered":"<p>Ofrecemos instalaci\u00f3n de software profesional, configuraci\u00f3n de aplicaciones seg\u00fan necesidades empresariales o personales, garantizando compatibilidad y funcionamiento sin errores.<\/p>\n<p>Incluye todo lo de Instalaci\u00f3n de Software y m\u00e1s:<br \/>\n\u2022 Instalaci\u00f3n de aplicaciones comerciales y gratuitas<br \/>\n\u2022 Configuraci\u00f3n inicial personalizada<br \/>\n\u2022 Validaci\u00f3n de compatibilidad con el sistema<br \/>\n\u2022 Pruebas de funcionamiento<\/p>","protected":false},"excerpt":{"rendered":"<p>Implementaci\u00f3n r\u00e1pida y segura.<\/p>","protected":false},"featured_media":647,"comment_status":"open","ping_status":"closed","template":"","meta":{"_acf_changed":false},"product_brand":[],"product_cat":[25],"product_tag":[],"class_list":{"0":"post-717","1":"product","2":"type-product","3":"status-publish","4":"has-post-thumbnail","6":"product_cat-helpdesk","8":"first","9":"instock","10":"taxable","11":"shipping-taxable","12":"purchasable","13":"product-type-simple"},"acf":{"im_status":"enabled","days_for_delivery":"3"},"_links":{"self":[{"href":"https:\/\/nanopowerdigital.com\/en\/wp-json\/wp\/v2\/product\/717","targetHints":{"allow":["GET"]}}],"collection":[{"href":"https:\/\/nanopowerdigital.com\/en\/wp-json\/wp\/v2\/product"}],"about":[{"href":"https:\/\/nanopowerdigital.com\/en\/wp-json\/wp\/v2\/types\/product"}],"replies":[{"embeddable":true,"href":"https:\/\/nanopowerdigital.com\/en\/wp-json\/wp\/v2\/comments?post=717"}],"wp:featuredmedia":[{"embeddable":true,"href":"https:\/\/nanopowerdigital.com\/en\/wp-json\/wp\/v2\/media\/647"}],"wp:attachment":[{"href":"https:\/\/nanopowerdigital.com\/en\/wp-json\/wp\/v2\/media?parent=717"}],"wp:term":[{"taxonomy":"product_brand","embeddable":true,"href":"https:\/\/nanopowerdigital.com\/en\/wp-json\/wp\/v2\/product_brand?post=717"},{"taxonomy":"product_cat","embeddable":true,"href":"https:\/\/nanopowerdigital.com\/en\/wp-json\/wp\/v2\/product_cat?post=717"},{"taxonomy":"product_tag","embeddable":true,"href":"https:\/\/nanopowerdigital.com\/en\/wp-json\/wp\/v2\/product_tag?post=717"}],"curies":[{"name":"wp","href":"https:\/\/api.w.org\/{rel}","templated":true}]}}