{"id":718,"date":"2025-08-22T21:19:19","date_gmt":"2025-08-22T21:19:19","guid":{"rendered":"https:\/\/nanopowerdigital.com\/?post_type=product&#038;p=718"},"modified":"2025-08-22T22:24:13","modified_gmt":"2025-08-22T22:24:13","slug":"gestion-de-contrasenas","status":"publish","type":"product","link":"https:\/\/nanopowerdigital.com\/en\/producto\/gestion-de-contrasenas\/","title":{"rendered":"Gesti\u00f3n de Contrase\u00f1as"},"content":{"rendered":"<p>Este servicio centraliza y protege tus contrase\u00f1as mediante soluciones seguras, evitando filtraciones y mejorando la productividad en el acceso a aplicaciones y sistemas cr\u00edticos.<\/p>\n<p>Incluye todo lo de Gesti\u00f3n de Contrase\u00f1as y m\u00e1s:<br \/>\n\u2022 Creaci\u00f3n de un gestor seguro de contrase\u00f1as<br \/>\n\u2022 Migraci\u00f3n de contrase\u00f1as existentes<br \/>\n\u2022 Configuraci\u00f3n de acceso seguro<br \/>\n\u2022 Soporte t\u00e9cnico inicial<\/p>","protected":false},"excerpt":{"rendered":"<p>Seguridad y organizaci\u00f3n digital.<\/p>","protected":false},"featured_media":644,"comment_status":"open","ping_status":"closed","template":"","meta":{"_acf_changed":false},"product_brand":[],"product_cat":[25],"product_tag":[],"class_list":{"0":"post-718","1":"product","2":"type-product","3":"status-publish","4":"has-post-thumbnail","6":"product_cat-helpdesk","8":"first","9":"instock","10":"taxable","11":"shipping-taxable","12":"purchasable","13":"product-type-simple"},"acf":{"im_status":"enabled","days_for_delivery":"3"},"_links":{"self":[{"href":"https:\/\/nanopowerdigital.com\/en\/wp-json\/wp\/v2\/product\/718","targetHints":{"allow":["GET"]}}],"collection":[{"href":"https:\/\/nanopowerdigital.com\/en\/wp-json\/wp\/v2\/product"}],"about":[{"href":"https:\/\/nanopowerdigital.com\/en\/wp-json\/wp\/v2\/types\/product"}],"replies":[{"embeddable":true,"href":"https:\/\/nanopowerdigital.com\/en\/wp-json\/wp\/v2\/comments?post=718"}],"wp:featuredmedia":[{"embeddable":true,"href":"https:\/\/nanopowerdigital.com\/en\/wp-json\/wp\/v2\/media\/644"}],"wp:attachment":[{"href":"https:\/\/nanopowerdigital.com\/en\/wp-json\/wp\/v2\/media?parent=718"}],"wp:term":[{"taxonomy":"product_brand","embeddable":true,"href":"https:\/\/nanopowerdigital.com\/en\/wp-json\/wp\/v2\/product_brand?post=718"},{"taxonomy":"product_cat","embeddable":true,"href":"https:\/\/nanopowerdigital.com\/en\/wp-json\/wp\/v2\/product_cat?post=718"},{"taxonomy":"product_tag","embeddable":true,"href":"https:\/\/nanopowerdigital.com\/en\/wp-json\/wp\/v2\/product_tag?post=718"}],"curies":[{"name":"wp","href":"https:\/\/api.w.org\/{rel}","templated":true}]}}