{"id":719,"date":"2025-08-22T21:19:19","date_gmt":"2025-08-22T21:19:19","guid":{"rendered":"https:\/\/nanopowerdigital.com\/?post_type=product&#038;p=719"},"modified":"2025-08-22T21:46:44","modified_gmt":"2025-08-22T21:46:44","slug":"monitoreo-de-red-basico","status":"publish","type":"product","link":"https:\/\/nanopowerdigital.com\/en\/producto\/monitoreo-de-red-basico\/","title":{"rendered":"Monitoreo de Red B\u00e1sico"},"content":{"rendered":"<p>Servicio de monitoreo de red que revisa tr\u00e1fico, disponibilidad y errores, permitiendo detectar problemas de conectividad antes de que afecten la operaci\u00f3n.<\/p>\n<p>Incluye todo lo de Monitoreo de Red B\u00e1sico y m\u00e1s:<br \/>\n\u2022 Monitoreo de routers y switches<br \/>\n\u2022 Alertas de interrupciones<br \/>\n\u2022 Reportes de desempe\u00f1o semanal<br \/>\n\u2022 Diagn\u00f3stico de incidentes de red<\/p>","protected":false},"excerpt":{"rendered":"<p>Vigilancia de conectividad constante.<\/p>","protected":false},"featured_media":650,"comment_status":"open","ping_status":"closed","template":"","meta":{"_acf_changed":false},"product_brand":[],"product_cat":[27],"product_tag":[],"class_list":{"0":"post-719","1":"product","2":"type-product","3":"status-publish","4":"has-post-thumbnail","6":"product_cat-seguridad-red","8":"first","9":"instock","10":"taxable","11":"shipping-taxable","12":"purchasable","13":"product-type-simple"},"acf":{"im_status":"enabled","days_for_delivery":"3"},"_links":{"self":[{"href":"https:\/\/nanopowerdigital.com\/en\/wp-json\/wp\/v2\/product\/719","targetHints":{"allow":["GET"]}}],"collection":[{"href":"https:\/\/nanopowerdigital.com\/en\/wp-json\/wp\/v2\/product"}],"about":[{"href":"https:\/\/nanopowerdigital.com\/en\/wp-json\/wp\/v2\/types\/product"}],"replies":[{"embeddable":true,"href":"https:\/\/nanopowerdigital.com\/en\/wp-json\/wp\/v2\/comments?post=719"}],"wp:featuredmedia":[{"embeddable":true,"href":"https:\/\/nanopowerdigital.com\/en\/wp-json\/wp\/v2\/media\/650"}],"wp:attachment":[{"href":"https:\/\/nanopowerdigital.com\/en\/wp-json\/wp\/v2\/media?parent=719"}],"wp:term":[{"taxonomy":"product_brand","embeddable":true,"href":"https:\/\/nanopowerdigital.com\/en\/wp-json\/wp\/v2\/product_brand?post=719"},{"taxonomy":"product_cat","embeddable":true,"href":"https:\/\/nanopowerdigital.com\/en\/wp-json\/wp\/v2\/product_cat?post=719"},{"taxonomy":"product_tag","embeddable":true,"href":"https:\/\/nanopowerdigital.com\/en\/wp-json\/wp\/v2\/product_tag?post=719"}],"curies":[{"name":"wp","href":"https:\/\/api.w.org\/{rel}","templated":true}]}}