{"id":722,"date":"2025-08-22T21:19:19","date_gmt":"2025-08-22T21:19:19","guid":{"rendered":"https:\/\/nanopowerdigital.com\/?post_type=product&#038;p=722"},"modified":"2025-08-22T22:33:06","modified_gmt":"2025-08-22T22:33:06","slug":"respaldo-de-datos","status":"publish","type":"product","link":"https:\/\/nanopowerdigital.com\/en\/producto\/respaldo-de-datos\/","title":{"rendered":"Respaldo de Datos"},"content":{"rendered":"<p>Servicio de backup autom\u00e1tico y seguro de tus datos cr\u00edticos, con recuperaci\u00f3n r\u00e1pida ante fallos o p\u00e9rdida de informaci\u00f3n.<\/p>\n<p>Incluye todo lo de Respaldo de Datos y m\u00e1s:<br \/>\n\u2022 Copias de seguridad programadas<br \/>\n\u2022 Recuperaci\u00f3n ante p\u00e9rdida de datos<br \/>\n\u2022 Almacenamiento seguro<br \/>\n\u2022 Soporte en restauraci\u00f3n de archivos<\/p>","protected":false},"excerpt":{"rendered":"<p>Protecci\u00f3n y recuperaci\u00f3n de informaci\u00f3n.<\/p>","protected":false},"featured_media":651,"comment_status":"open","ping_status":"closed","template":"","meta":{"_acf_changed":false},"product_brand":[],"product_cat":[30],"product_tag":[],"class_list":{"0":"post-722","1":"product","2":"type-product","3":"status-publish","4":"has-post-thumbnail","6":"product_cat-consultoria-ti","8":"first","9":"instock","10":"taxable","11":"shipping-taxable","12":"purchasable","13":"product-type-simple"},"acf":{"im_status":"enabled","days_for_delivery":"3"},"_links":{"self":[{"href":"https:\/\/nanopowerdigital.com\/en\/wp-json\/wp\/v2\/product\/722","targetHints":{"allow":["GET"]}}],"collection":[{"href":"https:\/\/nanopowerdigital.com\/en\/wp-json\/wp\/v2\/product"}],"about":[{"href":"https:\/\/nanopowerdigital.com\/en\/wp-json\/wp\/v2\/types\/product"}],"replies":[{"embeddable":true,"href":"https:\/\/nanopowerdigital.com\/en\/wp-json\/wp\/v2\/comments?post=722"}],"wp:featuredmedia":[{"embeddable":true,"href":"https:\/\/nanopowerdigital.com\/en\/wp-json\/wp\/v2\/media\/651"}],"wp:attachment":[{"href":"https:\/\/nanopowerdigital.com\/en\/wp-json\/wp\/v2\/media?parent=722"}],"wp:term":[{"taxonomy":"product_brand","embeddable":true,"href":"https:\/\/nanopowerdigital.com\/en\/wp-json\/wp\/v2\/product_brand?post=722"},{"taxonomy":"product_cat","embeddable":true,"href":"https:\/\/nanopowerdigital.com\/en\/wp-json\/wp\/v2\/product_cat?post=722"},{"taxonomy":"product_tag","embeddable":true,"href":"https:\/\/nanopowerdigital.com\/en\/wp-json\/wp\/v2\/product_tag?post=722"}],"curies":[{"name":"wp","href":"https:\/\/api.w.org\/{rel}","templated":true}]}}