{"id":723,"date":"2025-08-22T21:19:19","date_gmt":"2025-08-22T21:19:19","guid":{"rendered":"https:\/\/nanopowerdigital.com\/?post_type=product&#038;p=723"},"modified":"2025-08-22T22:29:43","modified_gmt":"2025-08-22T22:29:43","slug":"implementacion-sharepoint","status":"publish","type":"product","link":"https:\/\/nanopowerdigital.com\/en\/producto\/implementacion-sharepoint\/","title":{"rendered":"Implementaci\u00f3n SharePoint"},"content":{"rendered":"<p>Configuramos Microsoft SharePoint para facilitar colaboraci\u00f3n, manejo de documentos y comunicaci\u00f3n interna de manera eficiente y segura.<\/p>\n<p>Incluye todo lo de Implementaci\u00f3n SharePoint y m\u00e1s:<br \/>\n\u2022 Configuraci\u00f3n de sitios y bibliotecas<br \/>\n\u2022 Gesti\u00f3n de permisos de usuarios<br \/>\n\u2022 Capacitaci\u00f3n inicial<br \/>\n\u2022 Integraci\u00f3n con Office 365<\/p>","protected":false},"excerpt":{"rendered":"<p>Inicia tu gesti\u00f3n documental.<\/p>","protected":false},"featured_media":646,"comment_status":"open","ping_status":"closed","template":"","meta":{"_acf_changed":false},"product_brand":[],"product_cat":[29],"product_tag":[],"class_list":{"0":"post-723","1":"product","2":"type-product","3":"status-publish","4":"has-post-thumbnail","6":"product_cat-sharepoint","8":"first","9":"instock","10":"taxable","11":"shipping-taxable","12":"purchasable","13":"product-type-simple"},"acf":{"im_status":"enabled","days_for_delivery":"3"},"_links":{"self":[{"href":"https:\/\/nanopowerdigital.com\/en\/wp-json\/wp\/v2\/product\/723","targetHints":{"allow":["GET"]}}],"collection":[{"href":"https:\/\/nanopowerdigital.com\/en\/wp-json\/wp\/v2\/product"}],"about":[{"href":"https:\/\/nanopowerdigital.com\/en\/wp-json\/wp\/v2\/types\/product"}],"replies":[{"embeddable":true,"href":"https:\/\/nanopowerdigital.com\/en\/wp-json\/wp\/v2\/comments?post=723"}],"wp:featuredmedia":[{"embeddable":true,"href":"https:\/\/nanopowerdigital.com\/en\/wp-json\/wp\/v2\/media\/646"}],"wp:attachment":[{"href":"https:\/\/nanopowerdigital.com\/en\/wp-json\/wp\/v2\/media?parent=723"}],"wp:term":[{"taxonomy":"product_brand","embeddable":true,"href":"https:\/\/nanopowerdigital.com\/en\/wp-json\/wp\/v2\/product_brand?post=723"},{"taxonomy":"product_cat","embeddable":true,"href":"https:\/\/nanopowerdigital.com\/en\/wp-json\/wp\/v2\/product_cat?post=723"},{"taxonomy":"product_tag","embeddable":true,"href":"https:\/\/nanopowerdigital.com\/en\/wp-json\/wp\/v2\/product_tag?post=723"}],"curies":[{"name":"wp","href":"https:\/\/api.w.org\/{rel}","templated":true}]}}