{"id":724,"date":"2025-08-22T21:19:19","date_gmt":"2025-08-22T21:19:19","guid":{"rendered":"https:\/\/nanopowerdigital.com\/?post_type=product&#038;p=724"},"modified":"2025-08-22T21:46:36","modified_gmt":"2025-08-22T21:46:36","slug":"soporte-remoto-avanzado","status":"publish","type":"product","link":"https:\/\/nanopowerdigital.com\/en\/producto\/soporte-remoto-avanzado\/","title":{"rendered":"Soporte Remoto Avanzado"},"content":{"rendered":"<p>Atenci\u00f3n remota especializada para problemas de software y hardware m\u00e1s avanzados, optimizando tiempos de resoluci\u00f3n y reduciendo costos operativos.<\/p>\n<p>Incluye todo lo de Soporte Remoto Avanzado y m\u00e1s:<br \/>\n\u2022 Diagn\u00f3stico remoto de problemas complejos<br \/>\n\u2022 Actualizaciones de sistema y software<br \/>\n\u2022 Resoluci\u00f3n de errores cr\u00edticos<br \/>\n\u2022 Reporte detallado de acciones<\/p>","protected":false},"excerpt":{"rendered":"<p>Resoluci\u00f3n de incidencias complejas.<\/p>","protected":false},"featured_media":655,"comment_status":"open","ping_status":"closed","template":"","meta":{"_acf_changed":false},"product_brand":[],"product_cat":[25],"product_tag":[],"class_list":{"0":"post-724","1":"product","2":"type-product","3":"status-publish","4":"has-post-thumbnail","6":"product_cat-helpdesk","8":"first","9":"instock","10":"taxable","11":"shipping-taxable","12":"purchasable","13":"product-type-simple"},"acf":{"im_status":"enabled","days_for_delivery":"3"},"_links":{"self":[{"href":"https:\/\/nanopowerdigital.com\/en\/wp-json\/wp\/v2\/product\/724","targetHints":{"allow":["GET"]}}],"collection":[{"href":"https:\/\/nanopowerdigital.com\/en\/wp-json\/wp\/v2\/product"}],"about":[{"href":"https:\/\/nanopowerdigital.com\/en\/wp-json\/wp\/v2\/types\/product"}],"replies":[{"embeddable":true,"href":"https:\/\/nanopowerdigital.com\/en\/wp-json\/wp\/v2\/comments?post=724"}],"wp:featuredmedia":[{"embeddable":true,"href":"https:\/\/nanopowerdigital.com\/en\/wp-json\/wp\/v2\/media\/655"}],"wp:attachment":[{"href":"https:\/\/nanopowerdigital.com\/en\/wp-json\/wp\/v2\/media?parent=724"}],"wp:term":[{"taxonomy":"product_brand","embeddable":true,"href":"https:\/\/nanopowerdigital.com\/en\/wp-json\/wp\/v2\/product_brand?post=724"},{"taxonomy":"product_cat","embeddable":true,"href":"https:\/\/nanopowerdigital.com\/en\/wp-json\/wp\/v2\/product_cat?post=724"},{"taxonomy":"product_tag","embeddable":true,"href":"https:\/\/nanopowerdigital.com\/en\/wp-json\/wp\/v2\/product_tag?post=724"}],"curies":[{"name":"wp","href":"https:\/\/api.w.org\/{rel}","templated":true}]}}