{"id":727,"date":"2025-08-22T21:19:19","date_gmt":"2025-08-22T21:19:19","guid":{"rendered":"https:\/\/nanopowerdigital.com\/?post_type=product&#038;p=727"},"modified":"2025-08-22T21:43:27","modified_gmt":"2025-08-22T21:43:27","slug":"desarrollo-de-apps-moviles","status":"publish","type":"product","link":"https:\/\/nanopowerdigital.com\/en\/producto\/desarrollo-de-apps-moviles\/","title":{"rendered":"Desarrollo de Apps M\u00f3viles"},"content":{"rendered":"<p>Creamos aplicaciones m\u00f3viles funcionales y escalables, adaptadas a tus necesidades empresariales, con integraci\u00f3n de bases de datos y notificaciones.<\/p>\n<p>Incluye todo lo de Desarrollo de Apps M\u00f3viles y m\u00e1s:<br \/>\n\u2022 Dise\u00f1o de interfaces intuitivas<br \/>\n\u2022 Desarrollo multiplataforma<br \/>\n\u2022 Integraci\u00f3n con bases de datos<br \/>\n\u2022 Soporte post-lanzamiento<\/p>","protected":false},"excerpt":{"rendered":"<p>Aplicaciones personalizadas.<\/p>","protected":false},"featured_media":643,"comment_status":"open","ping_status":"closed","template":"","meta":{"_acf_changed":false},"product_brand":[],"product_cat":[26],"product_tag":[],"class_list":{"0":"post-727","1":"product","2":"type-product","3":"status-publish","4":"has-post-thumbnail","6":"product_cat-desarrollo-aplicaciones","8":"first","9":"instock","10":"taxable","11":"shipping-taxable","12":"purchasable","13":"product-type-simple"},"acf":{"im_status":"enabled","days_for_delivery":"3"},"_links":{"self":[{"href":"https:\/\/nanopowerdigital.com\/en\/wp-json\/wp\/v2\/product\/727","targetHints":{"allow":["GET"]}}],"collection":[{"href":"https:\/\/nanopowerdigital.com\/en\/wp-json\/wp\/v2\/product"}],"about":[{"href":"https:\/\/nanopowerdigital.com\/en\/wp-json\/wp\/v2\/types\/product"}],"replies":[{"embeddable":true,"href":"https:\/\/nanopowerdigital.com\/en\/wp-json\/wp\/v2\/comments?post=727"}],"wp:featuredmedia":[{"embeddable":true,"href":"https:\/\/nanopowerdigital.com\/en\/wp-json\/wp\/v2\/media\/643"}],"wp:attachment":[{"href":"https:\/\/nanopowerdigital.com\/en\/wp-json\/wp\/v2\/media?parent=727"}],"wp:term":[{"taxonomy":"product_brand","embeddable":true,"href":"https:\/\/nanopowerdigital.com\/en\/wp-json\/wp\/v2\/product_brand?post=727"},{"taxonomy":"product_cat","embeddable":true,"href":"https:\/\/nanopowerdigital.com\/en\/wp-json\/wp\/v2\/product_cat?post=727"},{"taxonomy":"product_tag","embeddable":true,"href":"https:\/\/nanopowerdigital.com\/en\/wp-json\/wp\/v2\/product_tag?post=727"}],"curies":[{"name":"wp","href":"https:\/\/api.w.org\/{rel}","templated":true}]}}