{"id":729,"date":"2025-08-22T21:19:19","date_gmt":"2025-08-22T21:19:19","guid":{"rendered":"https:\/\/nanopowerdigital.com\/?post_type=product&#038;p=729"},"modified":"2025-08-22T22:32:10","modified_gmt":"2025-08-22T22:32:10","slug":"consultoria-ti-empresarial","status":"publish","type":"product","link":"https:\/\/nanopowerdigital.com\/en\/producto\/consultoria-ti-empresarial\/","title":{"rendered":"Consultor\u00eda TI Empresarial"},"content":{"rendered":"<p>Evaluamos tus procesos y tecnolog\u00eda para dise\u00f1ar estrategias de TI que aumenten eficiencia, reduzcan riesgos y optimicen recursos empresariales.<\/p>\n<p>Incluye todo lo de Consultor\u00eda TI Empresarial y m\u00e1s:<br \/>\n\u2022 Auditor\u00eda de infraestructura<br \/>\n\u2022 Recomendaciones de software y hardware<br \/>\n\u2022 Plan de optimizaci\u00f3n tecnol\u00f3gica<br \/>\n\u2022 Implementaci\u00f3n de mejoras<\/p>","protected":false},"excerpt":{"rendered":"<p>Optimizaci\u00f3n de sistemas y procesos.<\/p>","protected":false},"featured_media":642,"comment_status":"open","ping_status":"closed","template":"","meta":{"_acf_changed":false},"product_brand":[],"product_cat":[30],"product_tag":[],"class_list":{"0":"post-729","1":"product","2":"type-product","3":"status-publish","4":"has-post-thumbnail","6":"product_cat-consultoria-ti","8":"first","9":"instock","10":"taxable","11":"shipping-taxable","12":"purchasable","13":"product-type-simple"},"acf":{"im_status":"enabled","days_for_delivery":"3"},"_links":{"self":[{"href":"https:\/\/nanopowerdigital.com\/en\/wp-json\/wp\/v2\/product\/729","targetHints":{"allow":["GET"]}}],"collection":[{"href":"https:\/\/nanopowerdigital.com\/en\/wp-json\/wp\/v2\/product"}],"about":[{"href":"https:\/\/nanopowerdigital.com\/en\/wp-json\/wp\/v2\/types\/product"}],"replies":[{"embeddable":true,"href":"https:\/\/nanopowerdigital.com\/en\/wp-json\/wp\/v2\/comments?post=729"}],"wp:featuredmedia":[{"embeddable":true,"href":"https:\/\/nanopowerdigital.com\/en\/wp-json\/wp\/v2\/media\/642"}],"wp:attachment":[{"href":"https:\/\/nanopowerdigital.com\/en\/wp-json\/wp\/v2\/media?parent=729"}],"wp:term":[{"taxonomy":"product_brand","embeddable":true,"href":"https:\/\/nanopowerdigital.com\/en\/wp-json\/wp\/v2\/product_brand?post=729"},{"taxonomy":"product_cat","embeddable":true,"href":"https:\/\/nanopowerdigital.com\/en\/wp-json\/wp\/v2\/product_cat?post=729"},{"taxonomy":"product_tag","embeddable":true,"href":"https:\/\/nanopowerdigital.com\/en\/wp-json\/wp\/v2\/product_tag?post=729"}],"curies":[{"name":"wp","href":"https:\/\/api.w.org\/{rel}","templated":true}]}}