{"id":730,"date":"2025-08-22T21:19:20","date_gmt":"2025-08-22T21:19:20","guid":{"rendered":"https:\/\/nanopowerdigital.com\/?post_type=product&#038;p=730"},"modified":"2025-08-22T21:24:37","modified_gmt":"2025-08-22T21:24:37","slug":"arquitectura-de-datos","status":"publish","type":"product","link":"https:\/\/nanopowerdigital.com\/en\/producto\/arquitectura-de-datos\/","title":{"rendered":"Arquitectura de Datos"},"content":{"rendered":"<p>Creamos estructuras de datos eficientes, garantizando integridad, escalabilidad y an\u00e1lisis r\u00e1pido para decisiones estrat\u00e9gicas.<\/p>\n<p>Incluye todo lo de Arquitectura de Datos y m\u00e1s:<br \/>\n\u2022 Dise\u00f1o de bases de datos relacionales y no relacionales<br \/>\n\u2022 Integraci\u00f3n con sistemas existentes<br \/>\n\u2022 Modelado de datos<br \/>\n\u2022 Optimizaci\u00f3n de consultas y rendimiento<\/p>","protected":false},"excerpt":{"rendered":"<p>Dise\u00f1o de bases y flujos.<\/p>","protected":false},"featured_media":639,"comment_status":"open","ping_status":"closed","template":"","meta":{"_acf_changed":false},"product_brand":[],"product_cat":[30],"product_tag":[],"class_list":{"0":"post-730","1":"product","2":"type-product","3":"status-publish","4":"has-post-thumbnail","6":"product_cat-consultoria-ti","8":"first","9":"instock","10":"taxable","11":"shipping-taxable","12":"purchasable","13":"product-type-simple"},"acf":{"im_status":"enabled","days_for_delivery":"3"},"_links":{"self":[{"href":"https:\/\/nanopowerdigital.com\/en\/wp-json\/wp\/v2\/product\/730","targetHints":{"allow":["GET"]}}],"collection":[{"href":"https:\/\/nanopowerdigital.com\/en\/wp-json\/wp\/v2\/product"}],"about":[{"href":"https:\/\/nanopowerdigital.com\/en\/wp-json\/wp\/v2\/types\/product"}],"replies":[{"embeddable":true,"href":"https:\/\/nanopowerdigital.com\/en\/wp-json\/wp\/v2\/comments?post=730"}],"wp:featuredmedia":[{"embeddable":true,"href":"https:\/\/nanopowerdigital.com\/en\/wp-json\/wp\/v2\/media\/639"}],"wp:attachment":[{"href":"https:\/\/nanopowerdigital.com\/en\/wp-json\/wp\/v2\/media?parent=730"}],"wp:term":[{"taxonomy":"product_brand","embeddable":true,"href":"https:\/\/nanopowerdigital.com\/en\/wp-json\/wp\/v2\/product_brand?post=730"},{"taxonomy":"product_cat","embeddable":true,"href":"https:\/\/nanopowerdigital.com\/en\/wp-json\/wp\/v2\/product_cat?post=730"},{"taxonomy":"product_tag","embeddable":true,"href":"https:\/\/nanopowerdigital.com\/en\/wp-json\/wp\/v2\/product_tag?post=730"}],"curies":[{"name":"wp","href":"https:\/\/api.w.org\/{rel}","templated":true}]}}